{"id":75865,"date":"2024-08-07T10:21:32","date_gmt":"2024-08-07T08:21:32","guid":{"rendered":"https:\/\/www.edogs.de\/magazin\/?page_id=75865"},"modified":"2025-01-17T11:08:55","modified_gmt":"2025-01-17T10:08:55","slug":"gratis-online-kompaktkurs-die-perfekte-leinenfuhrigkeit","status":"publish","type":"page","link":"https:\/\/www.edogs.de\/magazin\/gratis-online-kompaktkurs-die-perfekte-leinenfuhrigkeit\/","title":{"rendered":"Gratis Online Kompaktkurs: Die perfekte Leinenf\u00fchrigkeit!"},"content":{"rendered":"\t\t<div data-elementor-type=\"wp-page\" data-elementor-id=\"75865\" class=\"elementor elementor-75865\" data-elementor-post-type=\"page\">\n\t\t\t\t\t\t<section data-particle_enable=\"false\" data-particle-mobile-disabled=\"false\" class=\"penci-section penci-disSticky penci-structure-10 elementor-section elementor-top-section elementor-element elementor-element-5fe9ec6a elementor-section-full_width elementor-section-height-default elementor-section-height-default\" data-id=\"5fe9ec6a\" data-element_type=\"section\" data-e-type=\"section\">\n\t\t\t\t\t\t<div class=\"elementor-container elementor-column-gap-default\">\n\t\t\t\t\t<div class=\"penci-ercol-100 penci-ercol-order-1 penci-sticky-ct    elementor-column elementor-col-100 elementor-top-column elementor-element elementor-element-4c1eada4\" data-id=\"4c1eada4\" data-element_type=\"column\" data-e-type=\"column\">\n\t\t\t<div class=\"elementor-widget-wrap elementor-element-populated\">\n\t\t\t\t\t\t<div class=\"elementor-element elementor-element-c2a2abc elementor-widget elementor-widget-text-editor\" data-id=\"c2a2abc\" data-element_type=\"widget\" data-e-type=\"widget\" data-widget_type=\"text-editor.default\">\n\t\t\t\t<div class=\"elementor-widget-container\">\n\t\t\t\t\t\t\t\t\t<p><b>Nur f\u00fcr kurze Zeit:<\/b> Sichere Dir Deinen kostenlosen Online Kurs der <a href=\"https:\/\/www.edogs.de\/magazin\/gratis-online-kurs-beschaftigungsideen-fur-deinen-hund\/\">edogs Academy<\/a> \u2013 Deine Online Hundeschule!<\/p>\t\t\t\t\t\t\t\t<\/div>\n\t\t\t\t<\/div>\n\t\t\t\t\t<\/div>\n\t\t<\/div>\n\t\t\t\t\t<\/div>\n\t\t<\/section>\n\t\t\t\t<section data-particle_enable=\"false\" data-particle-mobile-disabled=\"false\" class=\"penci-section penci-disSticky penci-structure-22 elementor-section elementor-top-section elementor-element elementor-element-7b59848 elementor-section-boxed elementor-section-height-default elementor-section-height-default\" data-id=\"7b59848\" data-element_type=\"section\" data-e-type=\"section\">\n\t\t\t\t\t\t<div class=\"elementor-container elementor-column-gap-default\">\n\t\t\t\t\t<div class=\"penci-ercol-66 penci-ercol-order-1 penci-sticky-ct    elementor-column elementor-col-66 elementor-top-column elementor-element elementor-element-f2d26ad\" data-id=\"f2d26ad\" data-element_type=\"column\" data-e-type=\"column\">\n\t\t\t<div class=\"elementor-widget-wrap elementor-element-populated\">\n\t\t\t\t\t\t<div class=\"elementor-element elementor-element-368bf97 elementor-widget elementor-widget-text-editor\" data-id=\"368bf97\" data-element_type=\"widget\" data-e-type=\"widget\" data-widget_type=\"text-editor.default\">\n\t\t\t\t<div class=\"elementor-widget-container\">\n\t\t\t\t\t\t\t\t\t<strong>Kostenloser Online Kompakt-Kurs: Die perfekte <a href=\"https:\/\/www.edogs.de\/magazin\/leinenfuehrigkeit-hund\/\">Leinenf\u00fchrigkeit<\/a><\/strong>\t\t\t\t\t\t\t\t<\/div>\n\t\t\t\t<\/div>\n\t\t\t\t<div class=\"elementor-element elementor-element-053e3d8 elementor-widget elementor-widget-text-editor\" data-id=\"053e3d8\" data-element_type=\"widget\" data-e-type=\"widget\" data-widget_type=\"text-editor.default\">\n\t\t\t\t<div class=\"elementor-widget-container\">\n\t\t\t\t\t\t\t\t\t<strong>F\u00fcr nur 0,00\u20ac statt 24,99\u20ac<\/strong>\t\t\t\t\t\t\t\t<\/div>\n\t\t\t\t<\/div>\n\t\t\t\t<div class=\"elementor-element elementor-element-79b70c9 elementor-icon-list--layout-traditional elementor-list-item-link-full_width elementor-widget elementor-widget-icon-list\" data-id=\"79b70c9\" data-element_type=\"widget\" data-e-type=\"widget\" data-widget_type=\"icon-list.default\">\n\t\t\t\t<div class=\"elementor-widget-container\">\n\t\t\t\t\t\t\t<ul class=\"elementor-icon-list-items\">\n\t\t\t\t\t\t\t<li class=\"elementor-icon-list-item\">\n\t\t\t\t\t\t\t\t\t\t\t<span class=\"elementor-icon-list-icon\">\n\t\t\t\t\t\t\t<i aria-hidden=\"true\" class=\"fas fa-check-square\"><\/i>\t\t\t\t\t\t<\/span>\n\t\t\t\t\t\t\t\t\t\t<span class=\"elementor-icon-list-text\">In 2 Wochen den Grundstein f\u00fcr eine perfekte Leinenf\u00fchrigkeit legen mit 8 Trainingsvideos<\/span>\n\t\t\t\t\t\t\t\t\t<\/li>\n\t\t\t\t\t\t\t\t<li class=\"elementor-icon-list-item\">\n\t\t\t\t\t\t\t\t\t\t\t<span class=\"elementor-icon-list-icon\">\n\t\t\t\t\t\t\t<i aria-hidden=\"true\" class=\"fas fa-check-square\"><\/i>\t\t\t\t\t\t<\/span>\n\t\t\t\t\t\t\t\t\t\t<span class=\"elementor-icon-list-text\">Grundlegende Themen wie die richtige Vorbereitung und die passende Ausr\u00fcstung<\/span>\n\t\t\t\t\t\t\t\t\t<\/li>\n\t\t\t\t\t\t\t\t<li class=\"elementor-icon-list-item\">\n\t\t\t\t\t\t\t\t\t\t\t<span class=\"elementor-icon-list-icon\">\n\t\t\t\t\t\t\t<i aria-hidden=\"true\" class=\"fas fa-check-square\"><\/i>\t\t\t\t\t\t<\/span>\n\t\t\t\t\t\t\t\t\t\t<span class=\"elementor-icon-list-text\">Trainingsinhalte wie Bindungsspazierg\u00e4nge, Orientierungstraining und Ruhe\u00fcbungen<\/span>\n\t\t\t\t\t\t\t\t\t<\/li>\n\t\t\t\t\t\t<\/ul>\n\t\t\t\t\t\t<\/div>\n\t\t\t\t<\/div>\n\t\t\t\t<div class=\"elementor-element elementor-element-4942206 elementor-widget elementor-widget-html\" data-id=\"4942206\" data-element_type=\"widget\" data-e-type=\"widget\" data-widget_type=\"html.default\">\n\t\t\t\t<div class=\"elementor-widget-container\">\n\t\t\t\t\t<iframe data-w-type=\"embedded\" frameborder=\"0\" scrolling=\"no\" marginheight=\"0\" marginwidth=\"0\" src=\"https:\/\/redir.ehorses.de\/wgt\/v7m4\/xulr\/form?c=293f3b45\" width=\"100%\" style=\"height: 0;\"><\/iframe>\n\n<script type=\"text\/javascript\" src=\"https:\/\/app.mailjet.com\/pas-nc-embedded-v1.js\"><\/script>\t\t\t\t<\/div>\n\t\t\t\t<\/div>\n\t\t\t\t\t<\/div>\n\t\t<\/div>\n\t\t\t\t<div class=\"penci-ercol-33 penci-ercol-order-2 penci-sticky-sb penci-sidebarSC   elementor-column elementor-col-33 elementor-top-column elementor-element elementor-element-dca9ebd\" data-id=\"dca9ebd\" data-element_type=\"column\" data-e-type=\"column\">\n\t\t\t<div class=\"elementor-widget-wrap elementor-element-populated\">\n\t\t\t\t\t\t<div class=\"elementor-element elementor-element-9c0d901 elementor-widget elementor-widget-image\" data-id=\"9c0d901\" data-element_type=\"widget\" data-e-type=\"widget\" data-widget_type=\"image.default\">\n\t\t\t\t<div class=\"elementor-widget-container\">\n\t\t\t\t\t\t\t\t\t\t\t\t\t\t\t<img fetchpriority=\"high\" decoding=\"async\" width=\"780\" height=\"520\" src=\"https:\/\/www.edogs.de\/magazin\/wp-content\/uploads\/Hund-beisst-in-die-Leine.jpg\" class=\"attachment-large size-large wp-image-62900\" alt=\"Hund bei\u00dft in die Leine: Junger Hund an der Leine\" srcset=\"https:\/\/www.edogs.de\/magazin\/wp-content\/uploads\/Hund-beisst-in-die-Leine.jpg 780w, https:\/\/www.edogs.de\/magazin\/wp-content\/uploads\/Hund-beisst-in-die-Leine-300x200.jpg 300w, https:\/\/www.edogs.de\/magazin\/wp-content\/uploads\/Hund-beisst-in-die-Leine-768x512.jpg 768w, https:\/\/www.edogs.de\/magazin\/wp-content\/uploads\/Hund-beisst-in-die-Leine-585x390.jpg 585w, https:\/\/www.edogs.de\/magazin\/wp-content\/uploads\/Hund-beisst-in-die-Leine-263x175.jpg 263w\" sizes=\"(max-width: 780px) 100vw, 780px\" \/>\t\t\t\t\t\t\t\t\t\t\t\t\t\t\t<\/div>\n\t\t\t\t<\/div>\n\t\t\t\t\t<\/div>\n\t\t<\/div>\n\t\t\t\t\t<\/div>\n\t\t<\/section>\n\t\t\t\t<section data-particle_enable=\"false\" data-particle-mobile-disabled=\"false\" class=\"penci-section penci-disSticky penci-structure-10 elementor-section elementor-top-section elementor-element elementor-element-0536137 elementor-section-boxed elementor-section-height-default elementor-section-height-default\" data-id=\"0536137\" data-element_type=\"section\" data-e-type=\"section\">\n\t\t\t\t\t\t<div class=\"elementor-container elementor-column-gap-default\">\n\t\t\t\t\t<div class=\"penci-ercol-100 penci-ercol-order-1 penci-sticky-ct    elementor-column elementor-col-100 elementor-top-column elementor-element elementor-element-03810e4\" data-id=\"03810e4\" data-element_type=\"column\" data-e-type=\"column\">\n\t\t\t<div class=\"elementor-widget-wrap elementor-element-populated\">\n\t\t\t\t\t\t<div class=\"elementor-element elementor-element-56b8d1a elementor-widget elementor-widget-text-editor\" data-id=\"56b8d1a\" data-element_type=\"widget\" data-e-type=\"widget\" data-widget_type=\"text-editor.default\">\n\t\t\t\t<div class=\"elementor-widget-container\">\n\t\t\t\t\t\t\t\t\t<p><b>Kleiner Einblick in die edogs Academy \u2013 Deine Online Hundeschule im Video: <\/b>In der Hundeerziehung l\u00e4ufts drunter und dr\u00fcber? Trainiere jetzt erfolgreich zu Hause und werdet ein unschlagbares Mensch-Hund-Team \u2013 mit der edogs Academy! Du begleitest Hundetrainer Denis Uwelius und seinen Hund Chnux bei ihrer Reise.<\/p>\t\t\t\t\t\t\t\t<\/div>\n\t\t\t\t<\/div>\n\t\t\t\t<div class=\"elementor-element elementor-element-9286bd7 elementor-widget elementor-widget-video\" data-id=\"9286bd7\" data-element_type=\"widget\" data-e-type=\"widget\" data-settings=\"{&quot;youtube_url&quot;:&quot;https:\\\/\\\/www.youtube.com\\\/watch?v=b5GeRmY0nWk&amp;list=PLMLFLSATRmpZ3TNgBSmYa0tiNtQoTns3e&quot;,&quot;video_type&quot;:&quot;youtube&quot;,&quot;controls&quot;:&quot;yes&quot;}\" data-widget_type=\"video.default\">\n\t\t\t\t<div class=\"elementor-widget-container\">\n\t\t\t\t\t\t\t<div class=\"elementor-wrapper elementor-open-inline\">\n\t\t\t<div class=\"elementor-video\"><\/div>\t\t<\/div>\n\t\t\t\t\t\t<\/div>\n\t\t\t\t<\/div>\n\t\t\t\t\t<\/div>\n\t\t<\/div>\n\t\t\t\t\t<\/div>\n\t\t<\/section>\n\t\t\t\t<\/div>\n\t\t","protected":false},"excerpt":{"rendered":"<p>Nur f\u00fcr kurze Zeit: Sichere Dir Deinen kostenlosen Online Kurs der edogs Academy \u2013 Deine&hellip;<\/p>\n","protected":false},"author":68,"featured_media":0,"parent":0,"menu_order":0,"comment_status":"closed","ping_status":"closed","template":"","meta":{"_lmt_disableupdate":"","_lmt_disable":"","footnotes":""},"class_list":["post-75865","page","type-page","status-publish","hentry"],"yoast_head":"<!-- This site is optimized with the Yoast SEO plugin v27.4 - https:\/\/yoast.com\/product\/yoast-seo-wordpress\/ -->\n<title>Gratis Online Kompaktkurs: Die perfekte Leinenf\u00fchrigkeit<\/title>\n<meta name=\"description\" content=\"Gratis Online Kompaktkurs: Die perfekte Leinenf\u00fchrigkeit! Innerhalb von 2 Wochen den Grundstein f\u00fcr eine perfekte Leinenf\u00fchrigkeit legen.\" \/>\n<meta name=\"robots\" content=\"index, follow, max-snippet:-1, max-image-preview:large, max-video-preview:-1\" \/>\n<link rel=\"canonical\" href=\"https:\/\/www.edogs.de\/magazin\/gratis-online-kompaktkurs-die-perfekte-leinenfuhrigkeit\/\" \/>\n<meta property=\"og:locale\" content=\"de_DE\" \/>\n<meta property=\"og:type\" content=\"article\" \/>\n<meta property=\"og:title\" content=\"Gratis Online Kompaktkurs: Die perfekte Leinenf\u00fchrigkeit\" \/>\n<meta property=\"og:description\" content=\"Gratis Online Kompaktkurs: Die perfekte Leinenf\u00fchrigkeit! Innerhalb von 2 Wochen den Grundstein f\u00fcr eine perfekte Leinenf\u00fchrigkeit legen.\" \/>\n<meta property=\"og:url\" content=\"https:\/\/www.edogs.de\/magazin\/gratis-online-kompaktkurs-die-perfekte-leinenfuhrigkeit\/\" \/>\n<meta property=\"og:site_name\" content=\"edogs\" \/>\n<meta property=\"article:modified_time\" content=\"2025-01-17T10:08:55+00:00\" \/>\n<meta property=\"og:image\" content=\"https:\/\/www.edogs.de\/magazin\/wp-content\/uploads\/Hund-beisst-in-die-Leine.jpg\" \/>\n<meta name=\"twitter:card\" content=\"summary_large_image\" \/>\n<meta name=\"twitter:label1\" content=\"Gesch\u00e4tzte Lesezeit\" \/>\n\t<meta name=\"twitter:data1\" content=\"1\u00a0Minute\" \/>\n<script type=\"application\/ld+json\" class=\"yoast-schema-graph\">{\"@context\":\"https:\\\/\\\/schema.org\",\"@graph\":[{\"@type\":\"WebPage\",\"@id\":\"https:\\\/\\\/www.edogs.de\\\/magazin\\\/gratis-online-kompaktkurs-die-perfekte-leinenfuhrigkeit\\\/\",\"url\":\"https:\\\/\\\/www.edogs.de\\\/magazin\\\/gratis-online-kompaktkurs-die-perfekte-leinenfuhrigkeit\\\/\",\"name\":\"Gratis Online Kompaktkurs: Die perfekte Leinenf\u00fchrigkeit\",\"isPartOf\":{\"@id\":\"https:\\\/\\\/www.edogs.de\\\/magazin\\\/#website\"},\"primaryImageOfPage\":{\"@id\":\"https:\\\/\\\/www.edogs.de\\\/magazin\\\/gratis-online-kompaktkurs-die-perfekte-leinenfuhrigkeit\\\/#primaryimage\"},\"image\":{\"@id\":\"https:\\\/\\\/www.edogs.de\\\/magazin\\\/gratis-online-kompaktkurs-die-perfekte-leinenfuhrigkeit\\\/#primaryimage\"},\"thumbnailUrl\":\"https:\\\/\\\/www.edogs.de\\\/magazin\\\/wp-content\\\/uploads\\\/Hund-beisst-in-die-Leine.jpg\",\"datePublished\":\"2024-08-07T08:21:32+00:00\",\"dateModified\":\"2025-01-17T10:08:55+00:00\",\"description\":\"Gratis Online Kompaktkurs: Die perfekte Leinenf\u00fchrigkeit! Innerhalb von 2 Wochen den Grundstein f\u00fcr eine perfekte Leinenf\u00fchrigkeit legen.\",\"breadcrumb\":{\"@id\":\"https:\\\/\\\/www.edogs.de\\\/magazin\\\/gratis-online-kompaktkurs-die-perfekte-leinenfuhrigkeit\\\/#breadcrumb\"},\"inLanguage\":\"de\",\"potentialAction\":[{\"@type\":\"ReadAction\",\"target\":[\"https:\\\/\\\/www.edogs.de\\\/magazin\\\/gratis-online-kompaktkurs-die-perfekte-leinenfuhrigkeit\\\/\"]}]},{\"@type\":\"ImageObject\",\"inLanguage\":\"de\",\"@id\":\"https:\\\/\\\/www.edogs.de\\\/magazin\\\/gratis-online-kompaktkurs-die-perfekte-leinenfuhrigkeit\\\/#primaryimage\",\"url\":\"https:\\\/\\\/www.edogs.de\\\/magazin\\\/wp-content\\\/uploads\\\/Hund-beisst-in-die-Leine.jpg\",\"contentUrl\":\"https:\\\/\\\/www.edogs.de\\\/magazin\\\/wp-content\\\/uploads\\\/Hund-beisst-in-die-Leine.jpg\",\"width\":780,\"height\":520,\"caption\":\"Hund bei\u00dft in die Leine: Junger Hund an der Leine\"},{\"@type\":\"BreadcrumbList\",\"@id\":\"https:\\\/\\\/www.edogs.de\\\/magazin\\\/gratis-online-kompaktkurs-die-perfekte-leinenfuhrigkeit\\\/#breadcrumb\",\"itemListElement\":[{\"@type\":\"ListItem\",\"position\":1,\"name\":\"Startseite\",\"item\":\"https:\\\/\\\/www.edogs.de\\\/magazin\\\/\"},{\"@type\":\"ListItem\",\"position\":2,\"name\":\"Gratis Online Kompaktkurs: Die perfekte Leinenf\u00fchrigkeit!\"}]},{\"@type\":\"WebSite\",\"@id\":\"https:\\\/\\\/www.edogs.de\\\/magazin\\\/#website\",\"url\":\"https:\\\/\\\/www.edogs.de\\\/magazin\\\/\",\"name\":\"edogs\",\"description\":\"\",\"publisher\":{\"@id\":\"https:\\\/\\\/www.edogs.de\\\/magazin\\\/#organization\"},\"potentialAction\":[{\"@type\":\"SearchAction\",\"target\":{\"@type\":\"EntryPoint\",\"urlTemplate\":\"https:\\\/\\\/www.edogs.de\\\/magazin\\\/?s={search_term_string}\"},\"query-input\":{\"@type\":\"PropertyValueSpecification\",\"valueRequired\":true,\"valueName\":\"search_term_string\"}}],\"inLanguage\":\"de\"},{\"@type\":\"Organization\",\"@id\":\"https:\\\/\\\/www.edogs.de\\\/magazin\\\/#organization\",\"name\":\"edogs\",\"url\":\"https:\\\/\\\/www.edogs.de\\\/magazin\\\/\",\"logo\":{\"@type\":\"ImageObject\",\"inLanguage\":\"de\",\"@id\":\"https:\\\/\\\/www.edogs.de\\\/magazin\\\/#\\\/schema\\\/logo\\\/image\\\/\",\"url\":\"\",\"contentUrl\":\"\",\"caption\":\"edogs\"},\"image\":{\"@id\":\"https:\\\/\\\/www.edogs.de\\\/magazin\\\/#\\\/schema\\\/logo\\\/image\\\/\"}}]}<\/script>\n<!-- \/ Yoast SEO plugin. -->","yoast_head_json":{"title":"Gratis Online Kompaktkurs: Die perfekte Leinenf\u00fchrigkeit","description":"Gratis Online Kompaktkurs: Die perfekte Leinenf\u00fchrigkeit! Innerhalb von 2 Wochen den Grundstein f\u00fcr eine perfekte Leinenf\u00fchrigkeit legen.","robots":{"index":"index","follow":"follow","max-snippet":"max-snippet:-1","max-image-preview":"max-image-preview:large","max-video-preview":"max-video-preview:-1"},"canonical":"https:\/\/www.edogs.de\/magazin\/gratis-online-kompaktkurs-die-perfekte-leinenfuhrigkeit\/","og_locale":"de_DE","og_type":"article","og_title":"Gratis Online Kompaktkurs: Die perfekte Leinenf\u00fchrigkeit","og_description":"Gratis Online Kompaktkurs: Die perfekte Leinenf\u00fchrigkeit! Innerhalb von 2 Wochen den Grundstein f\u00fcr eine perfekte Leinenf\u00fchrigkeit legen.","og_url":"https:\/\/www.edogs.de\/magazin\/gratis-online-kompaktkurs-die-perfekte-leinenfuhrigkeit\/","og_site_name":"edogs","article_modified_time":"2025-01-17T10:08:55+00:00","og_image":[{"url":"https:\/\/www.edogs.de\/magazin\/wp-content\/uploads\/Hund-beisst-in-die-Leine.jpg","type":"","width":"","height":""}],"twitter_card":"summary_large_image","twitter_misc":{"Gesch\u00e4tzte Lesezeit":"1\u00a0Minute"},"schema":{"@context":"https:\/\/schema.org","@graph":[{"@type":"WebPage","@id":"https:\/\/www.edogs.de\/magazin\/gratis-online-kompaktkurs-die-perfekte-leinenfuhrigkeit\/","url":"https:\/\/www.edogs.de\/magazin\/gratis-online-kompaktkurs-die-perfekte-leinenfuhrigkeit\/","name":"Gratis Online Kompaktkurs: Die perfekte Leinenf\u00fchrigkeit","isPartOf":{"@id":"https:\/\/www.edogs.de\/magazin\/#website"},"primaryImageOfPage":{"@id":"https:\/\/www.edogs.de\/magazin\/gratis-online-kompaktkurs-die-perfekte-leinenfuhrigkeit\/#primaryimage"},"image":{"@id":"https:\/\/www.edogs.de\/magazin\/gratis-online-kompaktkurs-die-perfekte-leinenfuhrigkeit\/#primaryimage"},"thumbnailUrl":"https:\/\/www.edogs.de\/magazin\/wp-content\/uploads\/Hund-beisst-in-die-Leine.jpg","datePublished":"2024-08-07T08:21:32+00:00","dateModified":"2025-01-17T10:08:55+00:00","description":"Gratis Online Kompaktkurs: Die perfekte Leinenf\u00fchrigkeit! Innerhalb von 2 Wochen den Grundstein f\u00fcr eine perfekte Leinenf\u00fchrigkeit legen.","breadcrumb":{"@id":"https:\/\/www.edogs.de\/magazin\/gratis-online-kompaktkurs-die-perfekte-leinenfuhrigkeit\/#breadcrumb"},"inLanguage":"de","potentialAction":[{"@type":"ReadAction","target":["https:\/\/www.edogs.de\/magazin\/gratis-online-kompaktkurs-die-perfekte-leinenfuhrigkeit\/"]}]},{"@type":"ImageObject","inLanguage":"de","@id":"https:\/\/www.edogs.de\/magazin\/gratis-online-kompaktkurs-die-perfekte-leinenfuhrigkeit\/#primaryimage","url":"https:\/\/www.edogs.de\/magazin\/wp-content\/uploads\/Hund-beisst-in-die-Leine.jpg","contentUrl":"https:\/\/www.edogs.de\/magazin\/wp-content\/uploads\/Hund-beisst-in-die-Leine.jpg","width":780,"height":520,"caption":"Hund bei\u00dft in die Leine: Junger Hund an der Leine"},{"@type":"BreadcrumbList","@id":"https:\/\/www.edogs.de\/magazin\/gratis-online-kompaktkurs-die-perfekte-leinenfuhrigkeit\/#breadcrumb","itemListElement":[{"@type":"ListItem","position":1,"name":"Startseite","item":"https:\/\/www.edogs.de\/magazin\/"},{"@type":"ListItem","position":2,"name":"Gratis Online Kompaktkurs: Die perfekte Leinenf\u00fchrigkeit!"}]},{"@type":"WebSite","@id":"https:\/\/www.edogs.de\/magazin\/#website","url":"https:\/\/www.edogs.de\/magazin\/","name":"edogs","description":"","publisher":{"@id":"https:\/\/www.edogs.de\/magazin\/#organization"},"potentialAction":[{"@type":"SearchAction","target":{"@type":"EntryPoint","urlTemplate":"https:\/\/www.edogs.de\/magazin\/?s={search_term_string}"},"query-input":{"@type":"PropertyValueSpecification","valueRequired":true,"valueName":"search_term_string"}}],"inLanguage":"de"},{"@type":"Organization","@id":"https:\/\/www.edogs.de\/magazin\/#organization","name":"edogs","url":"https:\/\/www.edogs.de\/magazin\/","logo":{"@type":"ImageObject","inLanguage":"de","@id":"https:\/\/www.edogs.de\/magazin\/#\/schema\/logo\/image\/","url":"","contentUrl":"","caption":"edogs"},"image":{"@id":"https:\/\/www.edogs.de\/magazin\/#\/schema\/logo\/image\/"}}]}},"_links":{"self":[{"href":"https:\/\/www.edogs.de\/magazin\/wp-json\/wp\/v2\/pages\/75865","targetHints":{"allow":["GET"]}}],"collection":[{"href":"https:\/\/www.edogs.de\/magazin\/wp-json\/wp\/v2\/pages"}],"about":[{"href":"https:\/\/www.edogs.de\/magazin\/wp-json\/wp\/v2\/types\/page"}],"author":[{"embeddable":true,"href":"https:\/\/www.edogs.de\/magazin\/wp-json\/wp\/v2\/users\/68"}],"replies":[{"embeddable":true,"href":"https:\/\/www.edogs.de\/magazin\/wp-json\/wp\/v2\/comments?post=75865"}],"version-history":[{"count":1,"href":"https:\/\/www.edogs.de\/magazin\/wp-json\/wp\/v2\/pages\/75865\/revisions"}],"predecessor-version":[{"id":80272,"href":"https:\/\/www.edogs.de\/magazin\/wp-json\/wp\/v2\/pages\/75865\/revisions\/80272"}],"wp:attachment":[{"href":"https:\/\/www.edogs.de\/magazin\/wp-json\/wp\/v2\/media?parent=75865"}],"curies":[{"name":"wp","href":"https:\/\/api.w.org\/{rel}","templated":true}]}}