{"id":75795,"date":"2024-07-24T13:57:46","date_gmt":"2024-07-24T11:57:46","guid":{"rendered":"https:\/\/www.edogs.de\/magazin\/?page_id=75795"},"modified":"2025-01-27T15:37:02","modified_gmt":"2025-01-27T14:37:02","slug":"gratis-online-kurs-beschaftigungsideen-fur-deinen-hund","status":"publish","type":"page","link":"https:\/\/www.edogs.de\/magazin\/gratis-online-kurs-beschaftigungsideen-fur-deinen-hund\/","title":{"rendered":"Gratis Online Kurs: Besch\u00e4ftigungsideen f\u00fcr Deinen Hund!"},"content":{"rendered":"\t\t<div data-elementor-type=\"wp-page\" data-elementor-id=\"75795\" class=\"elementor elementor-75795\" data-elementor-post-type=\"page\">\n\t\t\t\t\t\t<section data-particle_enable=\"false\" data-particle-mobile-disabled=\"false\" class=\"penci-section penci-disSticky penci-structure-10 elementor-section elementor-top-section elementor-element elementor-element-33283eda elementor-section-full_width elementor-section-height-default elementor-section-height-default\" data-id=\"33283eda\" data-element_type=\"section\" data-e-type=\"section\">\n\t\t\t\t\t\t<div class=\"elementor-container elementor-column-gap-default\">\n\t\t\t\t\t<div class=\"penci-ercol-100 penci-ercol-order-1 penci-sticky-ct    elementor-column elementor-col-100 elementor-top-column elementor-element elementor-element-2377abe1\" data-id=\"2377abe1\" data-element_type=\"column\" data-e-type=\"column\">\n\t\t\t<div class=\"elementor-widget-wrap elementor-element-populated\">\n\t\t\t\t\t\t<div class=\"elementor-element elementor-element-1f9fc0f0 elementor-widget elementor-widget-text-editor\" data-id=\"1f9fc0f0\" data-element_type=\"widget\" data-e-type=\"widget\" data-widget_type=\"text-editor.default\">\n\t\t\t\t<div class=\"elementor-widget-container\">\n\t\t\t\t\t\t\t\t\t<div class=\"elementor-element elementor-element-21639c1 elementor-widget elementor-widget-text-editor\" data-id=\"21639c1\" data-element_type=\"widget\" data-widget_type=\"text-editor.default\">\n<div class=\"elementor-widget-container\">\n<p><b>Nur f\u00fcr kurze Zeit:<\/b> Sichere Dir Deinen kostenlosen Online Kurs der <a href=\"https:\/\/www.edogs.de\/magazin\/gratis-online-kompaktkurs-die-perfekte-leinenfuhrigkeit\/\">edogs Academy<\/a>, Deine Online Hundeschule!<\/p>\n<\/div>\n<\/div>\t\t\t\t\t\t\t\t<\/div>\n\t\t\t\t<\/div>\n\t\t\t\t\t<\/div>\n\t\t<\/div>\n\t\t\t\t\t<\/div>\n\t\t<\/section>\n\t\t\t\t<section data-particle_enable=\"false\" data-particle-mobile-disabled=\"false\" class=\"penci-section penci-disSticky penci-structure-22 elementor-section elementor-top-section elementor-element elementor-element-66203e9d elementor-section-boxed elementor-section-height-default elementor-section-height-default\" data-id=\"66203e9d\" data-element_type=\"section\" data-e-type=\"section\">\n\t\t\t\t\t\t<div class=\"elementor-container elementor-column-gap-default\">\n\t\t\t\t\t<div class=\"penci-ercol-66 penci-ercol-order-1 penci-sticky-ct    elementor-column elementor-col-66 elementor-top-column elementor-element elementor-element-69c01814\" data-id=\"69c01814\" data-element_type=\"column\" data-e-type=\"column\">\n\t\t\t<div class=\"elementor-widget-wrap elementor-element-populated\">\n\t\t\t\t\t\t<div class=\"elementor-element elementor-element-1890f28b elementor-widget elementor-widget-text-editor\" data-id=\"1890f28b\" data-element_type=\"widget\" data-e-type=\"widget\" data-widget_type=\"text-editor.default\">\n\t\t\t\t<div class=\"elementor-widget-container\">\n\t\t\t\t\t\t\t\t\t<p><strong>Kostenloser Online Kurs: Besch\u00e4ftigungsideen f\u00fcr Deinen Hund<\/strong><\/p>\t\t\t\t\t\t\t\t<\/div>\n\t\t\t\t<\/div>\n\t\t\t\t<div class=\"elementor-element elementor-element-498fb605 elementor-widget elementor-widget-text-editor\" data-id=\"498fb605\" data-element_type=\"widget\" data-e-type=\"widget\" data-widget_type=\"text-editor.default\">\n\t\t\t\t<div class=\"elementor-widget-container\">\n\t\t\t\t\t\t\t\t\t<p><strong>F\u00fcr nur 0,00\u20ac statt 19,99\u20ac<\/strong><\/p>\t\t\t\t\t\t\t\t<\/div>\n\t\t\t\t<\/div>\n\t\t\t\t<div class=\"elementor-element elementor-element-1e48f6d8 elementor-icon-list--layout-traditional elementor-list-item-link-full_width elementor-widget elementor-widget-icon-list\" data-id=\"1e48f6d8\" data-element_type=\"widget\" data-e-type=\"widget\" data-widget_type=\"icon-list.default\">\n\t\t\t\t<div class=\"elementor-widget-container\">\n\t\t\t\t\t\t\t<ul class=\"elementor-icon-list-items\">\n\t\t\t\t\t\t\t<li class=\"elementor-icon-list-item\">\n\t\t\t\t\t\t\t\t\t\t\t<span class=\"elementor-icon-list-icon\">\n\t\t\t\t\t\t\t<i aria-hidden=\"true\" class=\"fas fa-check-square\"><\/i>\t\t\t\t\t\t<\/span>\n\t\t\t\t\t\t\t\t\t\t<span class=\"elementor-icon-list-text\">11 Trainingsvideos mit kreativen Besch\u00e4ftigungsideen f\u00fcr mehr Abwechslung im Alltag<\/span>\n\t\t\t\t\t\t\t\t\t<\/li>\n\t\t\t\t\t\t\t\t<li class=\"elementor-icon-list-item\">\n\t\t\t\t\t\t\t\t\t\t\t<span class=\"elementor-icon-list-icon\">\n\t\t\t\t\t\t\t<i aria-hidden=\"true\" class=\"fas fa-check-square\"><\/i>\t\t\t\t\t\t<\/span>\n\t\t\t\t\t\t\t\t\t\t<span class=\"elementor-icon-list-text\">Spiele &amp; \u00dcbungen, die Deinen Hund artgerecht auslasten und Eure Bindung st\u00e4rken<\/span>\n\t\t\t\t\t\t\t\t\t<\/li>\n\t\t\t\t\t\t\t\t<li class=\"elementor-icon-list-item\">\n\t\t\t\t\t\t\t\t\t\t\t<span class=\"elementor-icon-list-icon\">\n\t\t\t\t\t\t\t<i aria-hidden=\"true\" class=\"fas fa-check-square\"><\/i>\t\t\t\t\t\t<\/span>\n\t\t\t\t\t\t\t\t\t\t<span class=\"elementor-icon-list-text\">Trick <a href=\"https:\/\/www.edogs.de\/magazin\/reizangeltraining-fuer-hunde\/\">Training<\/a>, Apportieren, Indoor <a href=\"https:\/\/www.edogs.de\/magazin\/was-ist-agility\/\">Agility<\/a> und vieles mehr<\/span>\n\t\t\t\t\t\t\t\t\t<\/li>\n\t\t\t\t\t\t<\/ul>\n\t\t\t\t\t\t<\/div>\n\t\t\t\t<\/div>\n\t\t\t\t\t<\/div>\n\t\t<\/div>\n\t\t\t\t<div class=\"penci-ercol-33 penci-ercol-order-2 penci-sticky-sb penci-sidebarSC   elementor-column elementor-col-33 elementor-top-column elementor-element elementor-element-243a390a\" data-id=\"243a390a\" data-element_type=\"column\" data-e-type=\"column\">\n\t\t\t<div class=\"elementor-widget-wrap elementor-element-populated\">\n\t\t\t\t\t\t<div class=\"elementor-element elementor-element-618d289b elementor-widget elementor-widget-image\" data-id=\"618d289b\" data-element_type=\"widget\" data-e-type=\"widget\" data-widget_type=\"image.default\">\n\t\t\t\t<div class=\"elementor-widget-container\">\n\t\t\t\t\t\t\t\t\t\t\t\t\t\t\t<img fetchpriority=\"high\" decoding=\"async\" width=\"600\" height=\"400\" src=\"https:\/\/www.edogs.de\/magazin\/wp-content\/uploads\/beschaeftigung_titelbild.jpg\" class=\"attachment-large size-large wp-image-75331\" alt=\"Hundetrainer Denis Uwelius spielt mit seinem Hund Chnux\" srcset=\"https:\/\/www.edogs.de\/magazin\/wp-content\/uploads\/beschaeftigung_titelbild.jpg 600w, https:\/\/www.edogs.de\/magazin\/wp-content\/uploads\/beschaeftigung_titelbild-300x200.jpg 300w, https:\/\/www.edogs.de\/magazin\/wp-content\/uploads\/beschaeftigung_titelbild-585x390.jpg 585w, https:\/\/www.edogs.de\/magazin\/wp-content\/uploads\/beschaeftigung_titelbild-263x175.jpg 263w\" sizes=\"(max-width: 600px) 100vw, 600px\" \/>\t\t\t\t\t\t\t\t\t\t\t\t\t\t\t<\/div>\n\t\t\t\t<\/div>\n\t\t\t\t\t<\/div>\n\t\t<\/div>\n\t\t\t\t\t<\/div>\n\t\t<\/section>\n\t\t\t\t<section data-particle_enable=\"false\" data-particle-mobile-disabled=\"false\" class=\"penci-section penci-disSticky penci-structure-10 elementor-section elementor-top-section elementor-element elementor-element-bd2b2ea elementor-section-full_width elementor-section-height-default elementor-section-height-default\" data-id=\"bd2b2ea\" data-element_type=\"section\" data-e-type=\"section\">\n\t\t\t\t\t\t<div class=\"elementor-container elementor-column-gap-default\">\n\t\t\t\t\t<div class=\"penci-ercol-100 penci-ercol-order-1 penci-sticky-ct    elementor-column elementor-col-100 elementor-top-column elementor-element elementor-element-6808ae3\" data-id=\"6808ae3\" data-element_type=\"column\" data-e-type=\"column\">\n\t\t\t<div class=\"elementor-widget-wrap elementor-element-populated\">\n\t\t\t\t\t\t<div class=\"elementor-element elementor-element-454bc505 elementor-widget elementor-widget-html\" data-id=\"454bc505\" data-element_type=\"widget\" data-e-type=\"widget\" data-widget_type=\"html.default\">\n\t\t\t\t<div class=\"elementor-widget-container\">\n\t\t\t\t\t<iframe style=\"color: inherit; font-family: inherit; font-size: inherit; font-weight: inherit; text-align: inherit; height: 250px;\" src=\"https:\/\/redir.ehorses.de\/wgt\/v7m4\/xo31\/form?c=1b789069\"><\/iframe>\n\n<script type=\"text\/javascript\" src=\"https:\/\/app.mailjet.com\/pas-nc-embedded-v1.js\"><\/script>\t\t\t\t<\/div>\n\t\t\t\t<\/div>\n\t\t\t\t<div class=\"elementor-element elementor-element-572adf0 elementor-widget elementor-widget-text-editor\" data-id=\"572adf0\" data-element_type=\"widget\" data-e-type=\"widget\" data-widget_type=\"text-editor.default\">\n\t\t\t\t<div class=\"elementor-widget-container\">\n\t\t\t\t\t\t\t\t\t<div class=\"elementor-element elementor-element-21639c1 elementor-widget elementor-widget-text-editor\" data-id=\"21639c1\" data-element_type=\"widget\" data-widget_type=\"text-editor.default\"><div class=\"elementor-widget-container\"><p><b>Kleiner Einblick in die edogs Academy \u2013 Deine Online Hundeschule im Video: <\/b>In der Hundeerziehung l\u00e4ufts drunter und dr\u00fcber? Trainiere jetzt erfolgreich zu Hause und werdet ein unschlagbares Mensch-Hund-Team \u2013 mit der edogs Academy! Du begleitest Hundetrainer Denis Uwelius und seinen Hund Chnux bei ihrer Reise.<\/p><\/div><\/div>\t\t\t\t\t\t\t\t<\/div>\n\t\t\t\t<\/div>\n\t\t\t\t<div class=\"elementor-element elementor-element-9fea1c5 elementor-widget elementor-widget-video\" data-id=\"9fea1c5\" data-element_type=\"widget\" data-e-type=\"widget\" data-settings=\"{&quot;youtube_url&quot;:&quot;https:\\\/\\\/www.youtube.com\\\/watch?v=b5GeRmY0nWk&amp;list=PLMLFLSATRmpZ3TNgBSmYa0tiNtQoTns3e&quot;,&quot;video_type&quot;:&quot;youtube&quot;,&quot;controls&quot;:&quot;yes&quot;}\" data-widget_type=\"video.default\">\n\t\t\t\t<div class=\"elementor-widget-container\">\n\t\t\t\t\t\t\t<div class=\"elementor-wrapper elementor-open-inline\">\n\t\t\t<div class=\"elementor-video\"><\/div>\t\t<\/div>\n\t\t\t\t\t\t<\/div>\n\t\t\t\t<\/div>\n\t\t\t\t\t<\/div>\n\t\t<\/div>\n\t\t\t\t\t<\/div>\n\t\t<\/section>\n\t\t\t\t<\/div>\n\t\t","protected":false},"excerpt":{"rendered":"<p>Nur f\u00fcr kurze Zeit: Sichere Dir Deinen kostenlosen Online Kurs der edogs Academy, Deine Online&hellip;<\/p>\n","protected":false},"author":68,"featured_media":0,"parent":0,"menu_order":0,"comment_status":"closed","ping_status":"closed","template":"","meta":{"_lmt_disableupdate":"","_lmt_disable":"","footnotes":""},"class_list":["post-75795","page","type-page","status-publish","hentry"],"yoast_head":"<!-- This site is optimized with the Yoast SEO plugin v27.4 - https:\/\/yoast.com\/product\/yoast-seo-wordpress\/ -->\n<title>Gratis Online Kurs: Besch\u00e4ftigungsideen f\u00fcr Deinen Hund<\/title>\n<meta name=\"description\" content=\"Gratis Online Kurs: Besch\u00e4ftigungsideen f\u00fcr Deinen Hund! 11 Videos, Ideen f\u00fcr drinnen &amp; drau\u00dfen &amp; Anleitungen. Jetzt mehr erfahren!\" \/>\n<meta name=\"robots\" content=\"index, follow, max-snippet:-1, max-image-preview:large, max-video-preview:-1\" \/>\n<link rel=\"canonical\" href=\"https:\/\/www.edogs.de\/magazin\/gratis-online-kurs-beschaftigungsideen-fur-deinen-hund\/\" \/>\n<meta property=\"og:locale\" content=\"de_DE\" \/>\n<meta property=\"og:type\" content=\"article\" \/>\n<meta property=\"og:title\" content=\"Gratis Online Kurs: Besch\u00e4ftigungsideen f\u00fcr Deinen Hund\" \/>\n<meta property=\"og:description\" content=\"Gratis Online Kurs: Besch\u00e4ftigungsideen f\u00fcr Deinen Hund! 11 Videos, Ideen f\u00fcr drinnen &amp; drau\u00dfen &amp; Anleitungen. Jetzt mehr erfahren!\" \/>\n<meta property=\"og:url\" content=\"https:\/\/www.edogs.de\/magazin\/gratis-online-kurs-beschaftigungsideen-fur-deinen-hund\/\" \/>\n<meta property=\"og:site_name\" content=\"edogs\" \/>\n<meta property=\"article:modified_time\" content=\"2025-01-27T14:37:02+00:00\" \/>\n<meta property=\"og:image\" content=\"https:\/\/www.edogs.de\/magazin\/wp-content\/uploads\/beschaeftigung_titelbild.jpg\" \/>\n\t<meta property=\"og:image:width\" content=\"600\" \/>\n\t<meta property=\"og:image:height\" content=\"400\" \/>\n\t<meta property=\"og:image:type\" content=\"image\/jpeg\" \/>\n<meta name=\"twitter:card\" content=\"summary_large_image\" \/>\n<meta name=\"twitter:label1\" content=\"Gesch\u00e4tzte Lesezeit\" \/>\n\t<meta name=\"twitter:data1\" content=\"2\u00a0Minuten\" \/>\n<script type=\"application\/ld+json\" class=\"yoast-schema-graph\">{\"@context\":\"https:\\\/\\\/schema.org\",\"@graph\":[{\"@type\":\"WebPage\",\"@id\":\"https:\\\/\\\/www.edogs.de\\\/magazin\\\/gratis-online-kurs-beschaftigungsideen-fur-deinen-hund\\\/\",\"url\":\"https:\\\/\\\/www.edogs.de\\\/magazin\\\/gratis-online-kurs-beschaftigungsideen-fur-deinen-hund\\\/\",\"name\":\"Gratis Online Kurs: Besch\u00e4ftigungsideen f\u00fcr Deinen Hund\",\"isPartOf\":{\"@id\":\"https:\\\/\\\/www.edogs.de\\\/magazin\\\/#website\"},\"primaryImageOfPage\":{\"@id\":\"https:\\\/\\\/www.edogs.de\\\/magazin\\\/gratis-online-kurs-beschaftigungsideen-fur-deinen-hund\\\/#primaryimage\"},\"image\":{\"@id\":\"https:\\\/\\\/www.edogs.de\\\/magazin\\\/gratis-online-kurs-beschaftigungsideen-fur-deinen-hund\\\/#primaryimage\"},\"thumbnailUrl\":\"https:\\\/\\\/www.edogs.de\\\/magazin\\\/wp-content\\\/uploads\\\/beschaeftigung_titelbild.jpg\",\"datePublished\":\"2024-07-24T11:57:46+00:00\",\"dateModified\":\"2025-01-27T14:37:02+00:00\",\"description\":\"Gratis Online Kurs: Besch\u00e4ftigungsideen f\u00fcr Deinen Hund! 11 Videos, Ideen f\u00fcr drinnen & drau\u00dfen & Anleitungen. Jetzt mehr erfahren!\",\"breadcrumb\":{\"@id\":\"https:\\\/\\\/www.edogs.de\\\/magazin\\\/gratis-online-kurs-beschaftigungsideen-fur-deinen-hund\\\/#breadcrumb\"},\"inLanguage\":\"de\",\"potentialAction\":[{\"@type\":\"ReadAction\",\"target\":[\"https:\\\/\\\/www.edogs.de\\\/magazin\\\/gratis-online-kurs-beschaftigungsideen-fur-deinen-hund\\\/\"]}]},{\"@type\":\"ImageObject\",\"inLanguage\":\"de\",\"@id\":\"https:\\\/\\\/www.edogs.de\\\/magazin\\\/gratis-online-kurs-beschaftigungsideen-fur-deinen-hund\\\/#primaryimage\",\"url\":\"https:\\\/\\\/www.edogs.de\\\/magazin\\\/wp-content\\\/uploads\\\/beschaeftigung_titelbild.jpg\",\"contentUrl\":\"https:\\\/\\\/www.edogs.de\\\/magazin\\\/wp-content\\\/uploads\\\/beschaeftigung_titelbild.jpg\",\"width\":600,\"height\":400,\"caption\":\"Hundetrainer Denis Uwelius spielt mit seinem Hund Chnux\"},{\"@type\":\"BreadcrumbList\",\"@id\":\"https:\\\/\\\/www.edogs.de\\\/magazin\\\/gratis-online-kurs-beschaftigungsideen-fur-deinen-hund\\\/#breadcrumb\",\"itemListElement\":[{\"@type\":\"ListItem\",\"position\":1,\"name\":\"Startseite\",\"item\":\"https:\\\/\\\/www.edogs.de\\\/magazin\\\/\"},{\"@type\":\"ListItem\",\"position\":2,\"name\":\"Gratis Online Kurs: Besch\u00e4ftigungsideen f\u00fcr Deinen Hund!\"}]},{\"@type\":\"WebSite\",\"@id\":\"https:\\\/\\\/www.edogs.de\\\/magazin\\\/#website\",\"url\":\"https:\\\/\\\/www.edogs.de\\\/magazin\\\/\",\"name\":\"edogs\",\"description\":\"\",\"publisher\":{\"@id\":\"https:\\\/\\\/www.edogs.de\\\/magazin\\\/#organization\"},\"potentialAction\":[{\"@type\":\"SearchAction\",\"target\":{\"@type\":\"EntryPoint\",\"urlTemplate\":\"https:\\\/\\\/www.edogs.de\\\/magazin\\\/?s={search_term_string}\"},\"query-input\":{\"@type\":\"PropertyValueSpecification\",\"valueRequired\":true,\"valueName\":\"search_term_string\"}}],\"inLanguage\":\"de\"},{\"@type\":\"Organization\",\"@id\":\"https:\\\/\\\/www.edogs.de\\\/magazin\\\/#organization\",\"name\":\"edogs\",\"url\":\"https:\\\/\\\/www.edogs.de\\\/magazin\\\/\",\"logo\":{\"@type\":\"ImageObject\",\"inLanguage\":\"de\",\"@id\":\"https:\\\/\\\/www.edogs.de\\\/magazin\\\/#\\\/schema\\\/logo\\\/image\\\/\",\"url\":\"\",\"contentUrl\":\"\",\"caption\":\"edogs\"},\"image\":{\"@id\":\"https:\\\/\\\/www.edogs.de\\\/magazin\\\/#\\\/schema\\\/logo\\\/image\\\/\"}}]}<\/script>\n<!-- \/ Yoast SEO plugin. -->","yoast_head_json":{"title":"Gratis Online Kurs: Besch\u00e4ftigungsideen f\u00fcr Deinen Hund","description":"Gratis Online Kurs: Besch\u00e4ftigungsideen f\u00fcr Deinen Hund! 11 Videos, Ideen f\u00fcr drinnen & drau\u00dfen & Anleitungen. Jetzt mehr erfahren!","robots":{"index":"index","follow":"follow","max-snippet":"max-snippet:-1","max-image-preview":"max-image-preview:large","max-video-preview":"max-video-preview:-1"},"canonical":"https:\/\/www.edogs.de\/magazin\/gratis-online-kurs-beschaftigungsideen-fur-deinen-hund\/","og_locale":"de_DE","og_type":"article","og_title":"Gratis Online Kurs: Besch\u00e4ftigungsideen f\u00fcr Deinen Hund","og_description":"Gratis Online Kurs: Besch\u00e4ftigungsideen f\u00fcr Deinen Hund! 11 Videos, Ideen f\u00fcr drinnen & drau\u00dfen & Anleitungen. Jetzt mehr erfahren!","og_url":"https:\/\/www.edogs.de\/magazin\/gratis-online-kurs-beschaftigungsideen-fur-deinen-hund\/","og_site_name":"edogs","article_modified_time":"2025-01-27T14:37:02+00:00","og_image":[{"width":600,"height":400,"url":"https:\/\/www.edogs.de\/magazin\/wp-content\/uploads\/beschaeftigung_titelbild.jpg","type":"image\/jpeg"}],"twitter_card":"summary_large_image","twitter_misc":{"Gesch\u00e4tzte Lesezeit":"2\u00a0Minuten"},"schema":{"@context":"https:\/\/schema.org","@graph":[{"@type":"WebPage","@id":"https:\/\/www.edogs.de\/magazin\/gratis-online-kurs-beschaftigungsideen-fur-deinen-hund\/","url":"https:\/\/www.edogs.de\/magazin\/gratis-online-kurs-beschaftigungsideen-fur-deinen-hund\/","name":"Gratis Online Kurs: Besch\u00e4ftigungsideen f\u00fcr Deinen Hund","isPartOf":{"@id":"https:\/\/www.edogs.de\/magazin\/#website"},"primaryImageOfPage":{"@id":"https:\/\/www.edogs.de\/magazin\/gratis-online-kurs-beschaftigungsideen-fur-deinen-hund\/#primaryimage"},"image":{"@id":"https:\/\/www.edogs.de\/magazin\/gratis-online-kurs-beschaftigungsideen-fur-deinen-hund\/#primaryimage"},"thumbnailUrl":"https:\/\/www.edogs.de\/magazin\/wp-content\/uploads\/beschaeftigung_titelbild.jpg","datePublished":"2024-07-24T11:57:46+00:00","dateModified":"2025-01-27T14:37:02+00:00","description":"Gratis Online Kurs: Besch\u00e4ftigungsideen f\u00fcr Deinen Hund! 11 Videos, Ideen f\u00fcr drinnen & drau\u00dfen & Anleitungen. Jetzt mehr erfahren!","breadcrumb":{"@id":"https:\/\/www.edogs.de\/magazin\/gratis-online-kurs-beschaftigungsideen-fur-deinen-hund\/#breadcrumb"},"inLanguage":"de","potentialAction":[{"@type":"ReadAction","target":["https:\/\/www.edogs.de\/magazin\/gratis-online-kurs-beschaftigungsideen-fur-deinen-hund\/"]}]},{"@type":"ImageObject","inLanguage":"de","@id":"https:\/\/www.edogs.de\/magazin\/gratis-online-kurs-beschaftigungsideen-fur-deinen-hund\/#primaryimage","url":"https:\/\/www.edogs.de\/magazin\/wp-content\/uploads\/beschaeftigung_titelbild.jpg","contentUrl":"https:\/\/www.edogs.de\/magazin\/wp-content\/uploads\/beschaeftigung_titelbild.jpg","width":600,"height":400,"caption":"Hundetrainer Denis Uwelius spielt mit seinem Hund Chnux"},{"@type":"BreadcrumbList","@id":"https:\/\/www.edogs.de\/magazin\/gratis-online-kurs-beschaftigungsideen-fur-deinen-hund\/#breadcrumb","itemListElement":[{"@type":"ListItem","position":1,"name":"Startseite","item":"https:\/\/www.edogs.de\/magazin\/"},{"@type":"ListItem","position":2,"name":"Gratis Online Kurs: Besch\u00e4ftigungsideen f\u00fcr Deinen Hund!"}]},{"@type":"WebSite","@id":"https:\/\/www.edogs.de\/magazin\/#website","url":"https:\/\/www.edogs.de\/magazin\/","name":"edogs","description":"","publisher":{"@id":"https:\/\/www.edogs.de\/magazin\/#organization"},"potentialAction":[{"@type":"SearchAction","target":{"@type":"EntryPoint","urlTemplate":"https:\/\/www.edogs.de\/magazin\/?s={search_term_string}"},"query-input":{"@type":"PropertyValueSpecification","valueRequired":true,"valueName":"search_term_string"}}],"inLanguage":"de"},{"@type":"Organization","@id":"https:\/\/www.edogs.de\/magazin\/#organization","name":"edogs","url":"https:\/\/www.edogs.de\/magazin\/","logo":{"@type":"ImageObject","inLanguage":"de","@id":"https:\/\/www.edogs.de\/magazin\/#\/schema\/logo\/image\/","url":"","contentUrl":"","caption":"edogs"},"image":{"@id":"https:\/\/www.edogs.de\/magazin\/#\/schema\/logo\/image\/"}}]}},"_links":{"self":[{"href":"https:\/\/www.edogs.de\/magazin\/wp-json\/wp\/v2\/pages\/75795","targetHints":{"allow":["GET"]}}],"collection":[{"href":"https:\/\/www.edogs.de\/magazin\/wp-json\/wp\/v2\/pages"}],"about":[{"href":"https:\/\/www.edogs.de\/magazin\/wp-json\/wp\/v2\/types\/page"}],"author":[{"embeddable":true,"href":"https:\/\/www.edogs.de\/magazin\/wp-json\/wp\/v2\/users\/68"}],"replies":[{"embeddable":true,"href":"https:\/\/www.edogs.de\/magazin\/wp-json\/wp\/v2\/comments?post=75795"}],"version-history":[{"count":15,"href":"https:\/\/www.edogs.de\/magazin\/wp-json\/wp\/v2\/pages\/75795\/revisions"}],"predecessor-version":[{"id":80668,"href":"https:\/\/www.edogs.de\/magazin\/wp-json\/wp\/v2\/pages\/75795\/revisions\/80668"}],"wp:attachment":[{"href":"https:\/\/www.edogs.de\/magazin\/wp-json\/wp\/v2\/media?parent=75795"}],"curies":[{"name":"wp","href":"https:\/\/api.w.org\/{rel}","templated":true}]}}