{"id":65662,"date":"2023-03-31T11:20:41","date_gmt":"2023-03-31T09:20:41","guid":{"rendered":"https:\/\/www.edogs.de\/magazin\/?page_id=65662"},"modified":"2025-09-16T16:37:37","modified_gmt":"2025-09-16T14:37:37","slug":"edogs-newsletter","status":"publish","type":"page","link":"https:\/\/www.edogs.de\/magazin\/edogs-newsletter\/","title":{"rendered":"edogs Newsletter Anmeldung"},"content":{"rendered":"\t\t<div data-elementor-type=\"wp-page\" data-elementor-id=\"65662\" class=\"elementor elementor-65662\" data-elementor-post-type=\"page\">\n\t\t\t\t\t\t<section data-particle_enable=\"false\" data-particle-mobile-disabled=\"false\" class=\"penci-section penci-disSticky penci-structure-10 elementor-section elementor-top-section elementor-element elementor-element-17f1163b elementor-section-content-middle elementor-section-full_width elementor-section-height-default elementor-section-height-default\" data-id=\"17f1163b\" data-element_type=\"section\" data-e-type=\"section\" id=\"Anmeldung\">\n\t\t\t\t\t\t\t<div class=\"elementor-background-overlay\"><\/div>\n\t\t\t\t\t\t\t<div class=\"elementor-container elementor-column-gap-default\">\n\t\t\t\t\t<div class=\"penci-ercol-100 penci-ercol-order-1 penci-sticky-ct    elementor-column elementor-col-100 elementor-top-column elementor-element elementor-element-535368bb\" data-id=\"535368bb\" data-element_type=\"column\" data-e-type=\"column\">\n\t\t\t<div class=\"elementor-widget-wrap elementor-element-populated\">\n\t\t\t\t\t\t<section data-particle_enable=\"false\" data-particle-mobile-disabled=\"false\" class=\"penci-section penci-disSticky penci-structure-20 elementor-section elementor-inner-section elementor-element elementor-element-776fe80 elementor-section-content-middle elementor-section-boxed elementor-section-height-default elementor-section-height-default\" data-id=\"776fe80\" data-element_type=\"section\" data-e-type=\"section\">\n\t\t\t\t\t\t<div class=\"elementor-container elementor-column-gap-default\">\n\t\t\t\t\t<div class=\"penci-ercol-50 penci-ercol-order-1 penci-sticky-ct    elementor-column elementor-col-50 elementor-inner-column elementor-element elementor-element-3feaaac\" data-id=\"3feaaac\" data-element_type=\"column\" data-e-type=\"column\">\n\t\t\t<div class=\"elementor-widget-wrap elementor-element-populated\">\n\t\t\t\t\t\t<div class=\"elementor-element elementor-element-d6cd42c elementor-widget elementor-widget-image\" data-id=\"d6cd42c\" data-element_type=\"widget\" data-e-type=\"widget\" data-widget_type=\"image.default\">\n\t\t\t\t<div class=\"elementor-widget-container\">\n\t\t\t\t\t\t\t\t\t\t\t\t\t\t\t<img fetchpriority=\"high\" decoding=\"async\" width=\"400\" height=\"400\" src=\"https:\/\/www.edogs.de\/magazin\/wp-content\/uploads\/Design-ohne-Titel-73-1.png\" class=\"attachment-large size-large wp-image-82519\" alt=\"\" srcset=\"https:\/\/www.edogs.de\/magazin\/wp-content\/uploads\/Design-ohne-Titel-73-1.png 400w, https:\/\/www.edogs.de\/magazin\/wp-content\/uploads\/Design-ohne-Titel-73-1-300x300.png 300w, https:\/\/www.edogs.de\/magazin\/wp-content\/uploads\/Design-ohne-Titel-73-1-150x150.png 150w, https:\/\/www.edogs.de\/magazin\/wp-content\/uploads\/Design-ohne-Titel-73-1-24x24.png 24w, https:\/\/www.edogs.de\/magazin\/wp-content\/uploads\/Design-ohne-Titel-73-1-48x48.png 48w, https:\/\/www.edogs.de\/magazin\/wp-content\/uploads\/Design-ohne-Titel-73-1-96x96.png 96w\" sizes=\"(max-width: 400px) 100vw, 400px\" \/>\t\t\t\t\t\t\t\t\t\t\t\t\t\t\t<\/div>\n\t\t\t\t<\/div>\n\t\t\t\t\t<\/div>\n\t\t<\/div>\n\t\t\t\t<div class=\"penci-ercol-50 penci-ercol-order-2 penci-sticky-ct    elementor-column elementor-col-50 elementor-inner-column elementor-element elementor-element-9da64da\" data-id=\"9da64da\" data-element_type=\"column\" data-e-type=\"column\">\n\t\t\t<div class=\"elementor-widget-wrap elementor-element-populated\">\n\t\t\t\t\t\t<div class=\"elementor-element elementor-element-c1c9c78 elementor-widget elementor-widget-text-editor\" data-id=\"c1c9c78\" data-element_type=\"widget\" data-e-type=\"widget\" data-widget_type=\"text-editor.default\">\n\t\t\t\t<div class=\"elementor-widget-container\">\n\t\t\t\t\t\t\t\t\t<p>Der Newsletter f\u00fcr Hundebegeisterte!<\/p>\t\t\t\t\t\t\t\t<\/div>\n\t\t\t\t<\/div>\n\t\t\t\t<div class=\"elementor-element elementor-element-0d262b8 elementor-widget elementor-widget-text-editor\" data-id=\"0d262b8\" data-element_type=\"widget\" data-e-type=\"widget\" data-widget_type=\"text-editor.default\">\n\t\t\t\t<div class=\"elementor-widget-container\">\n\t\t\t\t\t\t\t\t\t<p>Jetzt abonnieren: Spannende Ratgeber, aktuelle News, Mega Gewinnspiele &amp; vieles mehr.<\/p>\t\t\t\t\t\t\t\t<\/div>\n\t\t\t\t<\/div>\n\t\t\t\t<div class=\"elementor-element elementor-element-d557929 elementor-widget elementor-widget-html\" data-id=\"d557929\" data-element_type=\"widget\" data-e-type=\"widget\" data-widget_type=\"html.default\">\n\t\t\t\t<div class=\"elementor-widget-container\">\n\t\t\t\t\t<iframe style=\"color: inherit; font-family: inherit; font-size: inherit; font-weight: inherit; text-align: inherit; height: 265px;\" src=\"https:\/\/redir.ehorses.de\/wgt\/v7m4\/x0sm\/form?c=187c6518\"><\/iframe>\r\n\r\n<script type=\"text\/javascript\" src=\"https:\/\/app.mailjet.com\/pas-nc-embedded-v1.js\"><\/script>\t\t\t\t<\/div>\n\t\t\t\t<\/div>\n\t\t\t\t\t<\/div>\n\t\t<\/div>\n\t\t\t\t\t<\/div>\n\t\t<\/section>\n\t\t\t\t\t<\/div>\n\t\t<\/div>\n\t\t\t\t\t<\/div>\n\t\t<\/section>\n\t\t\t\t<section data-particle_enable=\"false\" data-particle-mobile-disabled=\"false\" class=\"penci-section penci-disSticky penci-structure-10 elementor-section elementor-top-section elementor-element elementor-element-2e030b79 elementor-section-boxed elementor-section-height-default elementor-section-height-default\" data-id=\"2e030b79\" data-element_type=\"section\" data-e-type=\"section\">\n\t\t\t\t\t\t<div class=\"elementor-container elementor-column-gap-default\">\n\t\t\t\t\t<div class=\"penci-ercol-100 penci-ercol-order-1 penci-sticky-ct    elementor-column elementor-col-100 elementor-top-column elementor-element elementor-element-34b17af3\" data-id=\"34b17af3\" data-element_type=\"column\" data-e-type=\"column\">\n\t\t\t<div class=\"elementor-widget-wrap elementor-element-populated\">\n\t\t\t\t\t\t<section data-particle_enable=\"false\" data-particle-mobile-disabled=\"false\" class=\"penci-section penci-disSticky penci-structure-20 elementor-section elementor-inner-section elementor-element elementor-element-f73a1f5 elementor-section-content-middle elementor-section-boxed elementor-section-height-default elementor-section-height-default\" data-id=\"f73a1f5\" data-element_type=\"section\" data-e-type=\"section\">\n\t\t\t\t\t\t<div class=\"elementor-container elementor-column-gap-default\">\n\t\t\t\t\t<div class=\"penci-ercol-50 penci-ercol-order-1 penci-sticky-ct    elementor-column elementor-col-50 elementor-inner-column elementor-element elementor-element-78ea311\" data-id=\"78ea311\" data-element_type=\"column\" data-e-type=\"column\">\n\t\t\t<div class=\"elementor-widget-wrap elementor-element-populated\">\n\t\t\t\t\t\t<div class=\"elementor-element elementor-element-6eaae20 elementor-widget elementor-widget-image\" data-id=\"6eaae20\" data-element_type=\"widget\" data-e-type=\"widget\" data-widget_type=\"image.default\">\n\t\t\t\t<div class=\"elementor-widget-container\">\n\t\t\t\t\t\t\t\t\t\t\t\t\t\t\t<img decoding=\"async\" width=\"400\" height=\"400\" src=\"https:\/\/www.edogs.de\/magazin\/wp-content\/uploads\/Design-ohne-Titel-71-1.png\" class=\"attachment-large size-large wp-image-82515\" alt=\"\" srcset=\"https:\/\/www.edogs.de\/magazin\/wp-content\/uploads\/Design-ohne-Titel-71-1.png 400w, https:\/\/www.edogs.de\/magazin\/wp-content\/uploads\/Design-ohne-Titel-71-1-300x300.png 300w, https:\/\/www.edogs.de\/magazin\/wp-content\/uploads\/Design-ohne-Titel-71-1-150x150.png 150w, https:\/\/www.edogs.de\/magazin\/wp-content\/uploads\/Design-ohne-Titel-71-1-24x24.png 24w, https:\/\/www.edogs.de\/magazin\/wp-content\/uploads\/Design-ohne-Titel-71-1-48x48.png 48w, https:\/\/www.edogs.de\/magazin\/wp-content\/uploads\/Design-ohne-Titel-71-1-96x96.png 96w\" sizes=\"(max-width: 400px) 100vw, 400px\" \/>\t\t\t\t\t\t\t\t\t\t\t\t\t\t\t<\/div>\n\t\t\t\t<\/div>\n\t\t\t\t\t<\/div>\n\t\t<\/div>\n\t\t\t\t<div class=\"penci-ercol-50 penci-ercol-order-2 penci-sticky-ct    elementor-column elementor-col-50 elementor-inner-column elementor-element elementor-element-b47bfa4\" data-id=\"b47bfa4\" data-element_type=\"column\" data-e-type=\"column\">\n\t\t\t<div class=\"elementor-widget-wrap elementor-element-populated\">\n\t\t\t\t\t\t<div class=\"elementor-element elementor-element-2177042c elementor-widget elementor-widget-text-editor\" data-id=\"2177042c\" data-element_type=\"widget\" data-e-type=\"widget\" data-widget_type=\"text-editor.default\">\n\t\t\t\t<div class=\"elementor-widget-container\">\n\t\t\t\t\t\t\t\t\t<h2><span style=\"color: var( --e-global-color-text ); font-size: 26px; font-weight: var(--pchead-wei); letter-spacing: 0px;\">5 gute Gr\u00fcnde f\u00fcr den edogs Newsletter<\/span><\/h2>\t\t\t\t\t\t\t\t<\/div>\n\t\t\t\t<\/div>\n\t\t\t\t<div class=\"elementor-element elementor-element-9451a64 elementor-mobile-align-start elementor-icon-list--layout-traditional elementor-list-item-link-full_width elementor-widget elementor-widget-icon-list\" data-id=\"9451a64\" data-element_type=\"widget\" data-e-type=\"widget\" data-widget_type=\"icon-list.default\">\n\t\t\t\t<div class=\"elementor-widget-container\">\n\t\t\t\t\t\t\t<ul class=\"elementor-icon-list-items\">\n\t\t\t\t\t\t\t<li class=\"elementor-icon-list-item\">\n\t\t\t\t\t\t\t\t\t\t\t<span class=\"elementor-icon-list-icon\">\n\t\t\t\t\t\t\t<i aria-hidden=\"true\" class=\"fas fa-check\"><\/i>\t\t\t\t\t\t<\/span>\n\t\t\t\t\t\t\t\t\t\t<span class=\"elementor-icon-list-text\">Erfahre vor allen anderen von neuen Gewinnspielen und Produkttests\u00a0<\/span>\n\t\t\t\t\t\t\t\t\t<\/li>\n\t\t\t\t\t\t\t\t<li class=\"elementor-icon-list-item\">\n\t\t\t\t\t\t\t\t\t\t\t<span class=\"elementor-icon-list-icon\">\n\t\t\t\t\t\t\t<i aria-hidden=\"true\" class=\"fas fa-check\"><\/i>\t\t\t\t\t\t<\/span>\n\t\t\t\t\t\t\t\t\t\t<span class=\"elementor-icon-list-text\">Freue dich \u00fcber\u00a0exklusive Aktionen\u00a0unserer Partner<\/span>\n\t\t\t\t\t\t\t\t\t<\/li>\n\t\t\t\t\t\t\t\t<li class=\"elementor-icon-list-item\">\n\t\t\t\t\t\t\t\t\t\t\t<span class=\"elementor-icon-list-icon\">\n\t\t\t\t\t\t\t<i aria-hidden=\"true\" class=\"fas fa-check\"><\/i>\t\t\t\t\t\t<\/span>\n\t\t\t\t\t\t\t\t\t\t<span class=\"elementor-icon-list-text\">Erfahre als erstes von neuen\u00a0Webinaren<\/span>\n\t\t\t\t\t\t\t\t\t<\/li>\n\t\t\t\t\t\t\t\t<li class=\"elementor-icon-list-item\">\n\t\t\t\t\t\t\t\t\t\t\t<span class=\"elementor-icon-list-icon\">\n\t\t\t\t\t\t\t<i aria-hidden=\"true\" class=\"fas fa-check\"><\/i>\t\t\t\t\t\t<\/span>\n\t\t\t\t\t\t\t\t\t\t<span class=\"elementor-icon-list-text\">Thematische\u00a0Magazinbeitr\u00e4ge, exklusiv f\u00fcr dich zusammengestellt<\/span>\n\t\t\t\t\t\t\t\t\t<\/li>\n\t\t\t\t\t\t\t\t<li class=\"elementor-icon-list-item\">\n\t\t\t\t\t\t\t\t\t\t\t<span class=\"elementor-icon-list-icon\">\n\t\t\t\t\t\t\t<i aria-hidden=\"true\" class=\"fas fa-check\"><\/i>\t\t\t\t\t\t<\/span>\n\t\t\t\t\t\t\t\t\t\t<span class=\"elementor-icon-list-text\">Immer up to date mit den neusten Hundenews<\/span>\n\t\t\t\t\t\t\t\t\t<\/li>\n\t\t\t\t\t\t<\/ul>\n\t\t\t\t\t\t<\/div>\n\t\t\t\t<\/div>\n\t\t\t\t\t<\/div>\n\t\t<\/div>\n\t\t\t\t\t<\/div>\n\t\t<\/section>\n\t\t\t\t<section data-particle_enable=\"false\" data-particle-mobile-disabled=\"false\" class=\"penci-section penci-disSticky penci-structure-20 elementor-section elementor-inner-section elementor-element elementor-element-9861daf elementor-section-content-middle elementor-reverse-tablet elementor-reverse-mobile elementor-section-boxed elementor-section-height-default elementor-section-height-default\" data-id=\"9861daf\" data-element_type=\"section\" data-e-type=\"section\">\n\t\t\t\t\t\t<div class=\"elementor-container elementor-column-gap-default\">\n\t\t\t\t\t<div class=\"penci-ercol-50 penci-ercol-order-1 penci-sticky-ct    elementor-column elementor-col-50 elementor-inner-column elementor-element elementor-element-071c30d\" data-id=\"071c30d\" data-element_type=\"column\" data-e-type=\"column\">\n\t\t\t<div class=\"elementor-widget-wrap elementor-element-populated\">\n\t\t\t\t\t\t<div class=\"elementor-element elementor-element-5a10915 elementor-widget elementor-widget-text-editor\" data-id=\"5a10915\" data-element_type=\"widget\" data-e-type=\"widget\" data-widget_type=\"text-editor.default\">\n\t\t\t\t<div class=\"elementor-widget-container\">\n\t\t\t\t\t\t\t\t\t<h2>Alles, was Hundebesitzer wissen m\u00fcssen!<\/h2><p>Welches Futter passt am besten zu deinem Hund? Wie erkennst du fr\u00fchzeitig Erkrankungen oder Mangelerscheinungen? Welche Trainingsmethoden f\u00f6rdern die Bindung zwischen dir und deinem Vierbeiner? Erhalte w\u00f6chentlich wertvolle Experten-Tipps zu Gesundheit, F\u00fctterung, <a href=\"https:\/\/www.edogs.de\/magazin\/reizangeltraining-fuer-hunde\/\">Training<\/a> &amp; Pflege \u2013 speziell f\u00fcr Hundebesitzer. Kostenlos &amp; direkt in dein Postfach!<\/p>\t\t\t\t\t\t\t\t<\/div>\n\t\t\t\t<\/div>\n\t\t\t\t\t<\/div>\n\t\t<\/div>\n\t\t\t\t<div class=\"penci-ercol-50 penci-ercol-order-2 penci-sticky-ct    elementor-column elementor-col-50 elementor-inner-column elementor-element elementor-element-7efae9e\" data-id=\"7efae9e\" data-element_type=\"column\" data-e-type=\"column\">\n\t\t\t<div class=\"elementor-widget-wrap elementor-element-populated\">\n\t\t\t\t\t\t<div class=\"elementor-element elementor-element-8e11cc2 elementor-widget elementor-widget-image\" data-id=\"8e11cc2\" data-element_type=\"widget\" data-e-type=\"widget\" data-widget_type=\"image.default\">\n\t\t\t\t<div class=\"elementor-widget-container\">\n\t\t\t\t\t\t\t\t\t\t\t\t\t\t\t<img decoding=\"async\" width=\"400\" height=\"400\" src=\"https:\/\/www.edogs.de\/magazin\/wp-content\/uploads\/Design-ohne-Titel-72.png\" class=\"attachment-large size-large wp-image-82517\" alt=\"\" srcset=\"https:\/\/www.edogs.de\/magazin\/wp-content\/uploads\/Design-ohne-Titel-72.png 400w, https:\/\/www.edogs.de\/magazin\/wp-content\/uploads\/Design-ohne-Titel-72-300x300.png 300w, https:\/\/www.edogs.de\/magazin\/wp-content\/uploads\/Design-ohne-Titel-72-150x150.png 150w, https:\/\/www.edogs.de\/magazin\/wp-content\/uploads\/Design-ohne-Titel-72-24x24.png 24w, https:\/\/www.edogs.de\/magazin\/wp-content\/uploads\/Design-ohne-Titel-72-48x48.png 48w, https:\/\/www.edogs.de\/magazin\/wp-content\/uploads\/Design-ohne-Titel-72-96x96.png 96w\" sizes=\"(max-width: 400px) 100vw, 400px\" \/>\t\t\t\t\t\t\t\t\t\t\t\t\t\t\t<\/div>\n\t\t\t\t<\/div>\n\t\t\t\t\t<\/div>\n\t\t<\/div>\n\t\t\t\t\t<\/div>\n\t\t<\/section>\n\t\t\t\t<div class=\"elementor-element elementor-element-6a50547 elementor-widget elementor-widget-spacer\" data-id=\"6a50547\" data-element_type=\"widget\" data-e-type=\"widget\" data-widget_type=\"spacer.default\">\n\t\t\t\t<div class=\"elementor-widget-container\">\n\t\t\t\t\t\t\t<div class=\"elementor-spacer\">\n\t\t\t<div class=\"elementor-spacer-inner\"><\/div>\n\t\t<\/div>\n\t\t\t\t\t\t<\/div>\n\t\t\t\t<\/div>\n\t\t\t\t<div class=\"elementor-element elementor-element-db8ef63 elementor-align-center elementor-widget elementor-widget-button\" data-id=\"db8ef63\" data-element_type=\"widget\" data-e-type=\"widget\" data-widget_type=\"button.default\">\n\t\t\t\t<div class=\"elementor-widget-container\">\n\t\t\t\t\t\t\t\t\t<div class=\"elementor-button-wrapper\">\n\t\t\t\t\t<a class=\"elementor-button elementor-button-link elementor-size-sm\" href=\"#Anmeldung\">\n\t\t\t\t\t\t<span class=\"elementor-button-content-wrapper\">\n\t\t\t\t\t\t\t\t\t<span class=\"elementor-button-text\">Jetzt abonnieren!<\/span>\n\t\t\t\t\t<\/span>\n\t\t\t\t\t<\/a>\n\t\t\t\t<\/div>\n\t\t\t\t\t\t\t\t<\/div>\n\t\t\t\t<\/div>\n\t\t\t\t\t<\/div>\n\t\t<\/div>\n\t\t\t\t\t<\/div>\n\t\t<\/section>\n\t\t\t\t<\/div>\n\t\t","protected":false},"excerpt":{"rendered":"<p>Der Newsletter f\u00fcr Hundebegeisterte! Jetzt abonnieren: Spannende Ratgeber, aktuelle News, Mega Gewinnspiele &amp; vieles mehr.&hellip;<\/p>\n","protected":false},"author":68,"featured_media":0,"parent":0,"menu_order":0,"comment_status":"closed","ping_status":"closed","template":"","meta":{"_lmt_disableupdate":"","_lmt_disable":"","footnotes":""},"class_list":["post-65662","page","type-page","status-publish","hentry"],"yoast_head":"<!-- This site is optimized with the Yoast SEO plugin v27.5 - https:\/\/yoast.com\/product\/yoast-seo-wordpress\/ -->\n<title>Melde Dich f\u00fcr den edogs Newsletter an I edogs Magazin<\/title>\n<meta name=\"description\" content=\"Verpasse kein Gewinnspiel mehr und erfahre die neusten Informationen rund um den Hund! Melde Dich einfach f\u00fcr den edogs Newsletter an.\" \/>\n<meta name=\"robots\" content=\"index, follow, max-snippet:-1, max-image-preview:large, max-video-preview:-1\" \/>\n<link rel=\"canonical\" href=\"https:\/\/www.edogs.de\/magazin\/edogs-newsletter\/\" \/>\n<meta property=\"og:locale\" content=\"de_DE\" \/>\n<meta property=\"og:type\" content=\"article\" \/>\n<meta property=\"og:title\" content=\"Melde Dich f\u00fcr den edogs Newsletter an I edogs Magazin\" \/>\n<meta property=\"og:description\" content=\"Verpasse kein Gewinnspiel mehr und erfahre die neusten Informationen rund um den Hund! Melde Dich einfach f\u00fcr den edogs Newsletter an.\" \/>\n<meta property=\"og:url\" content=\"https:\/\/www.edogs.de\/magazin\/edogs-newsletter\/\" \/>\n<meta property=\"og:site_name\" content=\"edogs\" \/>\n<meta property=\"article:modified_time\" content=\"2025-09-16T14:37:37+00:00\" \/>\n<meta property=\"og:image\" content=\"https:\/\/www.edogs.de\/magazin\/wp-content\/uploads\/Design-ohne-Titel-73-1.png\" \/>\n\t<meta property=\"og:image:width\" content=\"400\" \/>\n\t<meta property=\"og:image:height\" content=\"400\" \/>\n\t<meta property=\"og:image:type\" content=\"image\/png\" \/>\n<meta name=\"twitter:card\" content=\"summary_large_image\" \/>\n<meta name=\"twitter:label1\" content=\"Gesch\u00e4tzte Lesezeit\" \/>\n\t<meta name=\"twitter:data1\" content=\"2\u00a0Minuten\" \/>\n<script type=\"application\/ld+json\" class=\"yoast-schema-graph\">{\"@context\":\"https:\\\/\\\/schema.org\",\"@graph\":[{\"@type\":\"WebPage\",\"@id\":\"https:\\\/\\\/www.edogs.de\\\/magazin\\\/edogs-newsletter\\\/\",\"url\":\"https:\\\/\\\/www.edogs.de\\\/magazin\\\/edogs-newsletter\\\/\",\"name\":\"Melde Dich f\u00fcr den edogs Newsletter an I edogs Magazin\",\"isPartOf\":{\"@id\":\"https:\\\/\\\/www.edogs.de\\\/magazin\\\/#website\"},\"primaryImageOfPage\":{\"@id\":\"https:\\\/\\\/www.edogs.de\\\/magazin\\\/edogs-newsletter\\\/#primaryimage\"},\"image\":{\"@id\":\"https:\\\/\\\/www.edogs.de\\\/magazin\\\/edogs-newsletter\\\/#primaryimage\"},\"thumbnailUrl\":\"https:\\\/\\\/www.edogs.de\\\/magazin\\\/wp-content\\\/uploads\\\/Design-ohne-Titel-73-1.png\",\"datePublished\":\"2023-03-31T09:20:41+00:00\",\"dateModified\":\"2025-09-16T14:37:37+00:00\",\"description\":\"Verpasse kein Gewinnspiel mehr und erfahre die neusten Informationen rund um den Hund! Melde Dich einfach f\u00fcr den edogs Newsletter an.\",\"breadcrumb\":{\"@id\":\"https:\\\/\\\/www.edogs.de\\\/magazin\\\/edogs-newsletter\\\/#breadcrumb\"},\"inLanguage\":\"de\",\"potentialAction\":[{\"@type\":\"ReadAction\",\"target\":[\"https:\\\/\\\/www.edogs.de\\\/magazin\\\/edogs-newsletter\\\/\"]}]},{\"@type\":\"ImageObject\",\"inLanguage\":\"de\",\"@id\":\"https:\\\/\\\/www.edogs.de\\\/magazin\\\/edogs-newsletter\\\/#primaryimage\",\"url\":\"https:\\\/\\\/www.edogs.de\\\/magazin\\\/wp-content\\\/uploads\\\/Design-ohne-Titel-73-1.png\",\"contentUrl\":\"https:\\\/\\\/www.edogs.de\\\/magazin\\\/wp-content\\\/uploads\\\/Design-ohne-Titel-73-1.png\",\"width\":400,\"height\":400},{\"@type\":\"BreadcrumbList\",\"@id\":\"https:\\\/\\\/www.edogs.de\\\/magazin\\\/edogs-newsletter\\\/#breadcrumb\",\"itemListElement\":[{\"@type\":\"ListItem\",\"position\":1,\"name\":\"Startseite\",\"item\":\"https:\\\/\\\/www.edogs.de\\\/magazin\\\/\"},{\"@type\":\"ListItem\",\"position\":2,\"name\":\"edogs Newsletter Anmeldung\"}]},{\"@type\":\"WebSite\",\"@id\":\"https:\\\/\\\/www.edogs.de\\\/magazin\\\/#website\",\"url\":\"https:\\\/\\\/www.edogs.de\\\/magazin\\\/\",\"name\":\"edogs\",\"description\":\"\",\"publisher\":{\"@id\":\"https:\\\/\\\/www.edogs.de\\\/magazin\\\/#organization\"},\"potentialAction\":[{\"@type\":\"SearchAction\",\"target\":{\"@type\":\"EntryPoint\",\"urlTemplate\":\"https:\\\/\\\/www.edogs.de\\\/magazin\\\/?s={search_term_string}\"},\"query-input\":{\"@type\":\"PropertyValueSpecification\",\"valueRequired\":true,\"valueName\":\"search_term_string\"}}],\"inLanguage\":\"de\"},{\"@type\":\"Organization\",\"@id\":\"https:\\\/\\\/www.edogs.de\\\/magazin\\\/#organization\",\"name\":\"edogs\",\"url\":\"https:\\\/\\\/www.edogs.de\\\/magazin\\\/\",\"logo\":{\"@type\":\"ImageObject\",\"inLanguage\":\"de\",\"@id\":\"https:\\\/\\\/www.edogs.de\\\/magazin\\\/#\\\/schema\\\/logo\\\/image\\\/\",\"url\":\"\",\"contentUrl\":\"\",\"caption\":\"edogs\"},\"image\":{\"@id\":\"https:\\\/\\\/www.edogs.de\\\/magazin\\\/#\\\/schema\\\/logo\\\/image\\\/\"}}]}<\/script>\n<!-- \/ Yoast SEO plugin. -->","yoast_head_json":{"title":"Melde Dich f\u00fcr den edogs Newsletter an I edogs Magazin","description":"Verpasse kein Gewinnspiel mehr und erfahre die neusten Informationen rund um den Hund! Melde Dich einfach f\u00fcr den edogs Newsletter an.","robots":{"index":"index","follow":"follow","max-snippet":"max-snippet:-1","max-image-preview":"max-image-preview:large","max-video-preview":"max-video-preview:-1"},"canonical":"https:\/\/www.edogs.de\/magazin\/edogs-newsletter\/","og_locale":"de_DE","og_type":"article","og_title":"Melde Dich f\u00fcr den edogs Newsletter an I edogs Magazin","og_description":"Verpasse kein Gewinnspiel mehr und erfahre die neusten Informationen rund um den Hund! Melde Dich einfach f\u00fcr den edogs Newsletter an.","og_url":"https:\/\/www.edogs.de\/magazin\/edogs-newsletter\/","og_site_name":"edogs","article_modified_time":"2025-09-16T14:37:37+00:00","og_image":[{"width":400,"height":400,"url":"https:\/\/www.edogs.de\/magazin\/wp-content\/uploads\/Design-ohne-Titel-73-1.png","type":"image\/png"}],"twitter_card":"summary_large_image","twitter_misc":{"Gesch\u00e4tzte Lesezeit":"2\u00a0Minuten"},"schema":{"@context":"https:\/\/schema.org","@graph":[{"@type":"WebPage","@id":"https:\/\/www.edogs.de\/magazin\/edogs-newsletter\/","url":"https:\/\/www.edogs.de\/magazin\/edogs-newsletter\/","name":"Melde Dich f\u00fcr den edogs Newsletter an I edogs Magazin","isPartOf":{"@id":"https:\/\/www.edogs.de\/magazin\/#website"},"primaryImageOfPage":{"@id":"https:\/\/www.edogs.de\/magazin\/edogs-newsletter\/#primaryimage"},"image":{"@id":"https:\/\/www.edogs.de\/magazin\/edogs-newsletter\/#primaryimage"},"thumbnailUrl":"https:\/\/www.edogs.de\/magazin\/wp-content\/uploads\/Design-ohne-Titel-73-1.png","datePublished":"2023-03-31T09:20:41+00:00","dateModified":"2025-09-16T14:37:37+00:00","description":"Verpasse kein Gewinnspiel mehr und erfahre die neusten Informationen rund um den Hund! Melde Dich einfach f\u00fcr den edogs Newsletter an.","breadcrumb":{"@id":"https:\/\/www.edogs.de\/magazin\/edogs-newsletter\/#breadcrumb"},"inLanguage":"de","potentialAction":[{"@type":"ReadAction","target":["https:\/\/www.edogs.de\/magazin\/edogs-newsletter\/"]}]},{"@type":"ImageObject","inLanguage":"de","@id":"https:\/\/www.edogs.de\/magazin\/edogs-newsletter\/#primaryimage","url":"https:\/\/www.edogs.de\/magazin\/wp-content\/uploads\/Design-ohne-Titel-73-1.png","contentUrl":"https:\/\/www.edogs.de\/magazin\/wp-content\/uploads\/Design-ohne-Titel-73-1.png","width":400,"height":400},{"@type":"BreadcrumbList","@id":"https:\/\/www.edogs.de\/magazin\/edogs-newsletter\/#breadcrumb","itemListElement":[{"@type":"ListItem","position":1,"name":"Startseite","item":"https:\/\/www.edogs.de\/magazin\/"},{"@type":"ListItem","position":2,"name":"edogs Newsletter Anmeldung"}]},{"@type":"WebSite","@id":"https:\/\/www.edogs.de\/magazin\/#website","url":"https:\/\/www.edogs.de\/magazin\/","name":"edogs","description":"","publisher":{"@id":"https:\/\/www.edogs.de\/magazin\/#organization"},"potentialAction":[{"@type":"SearchAction","target":{"@type":"EntryPoint","urlTemplate":"https:\/\/www.edogs.de\/magazin\/?s={search_term_string}"},"query-input":{"@type":"PropertyValueSpecification","valueRequired":true,"valueName":"search_term_string"}}],"inLanguage":"de"},{"@type":"Organization","@id":"https:\/\/www.edogs.de\/magazin\/#organization","name":"edogs","url":"https:\/\/www.edogs.de\/magazin\/","logo":{"@type":"ImageObject","inLanguage":"de","@id":"https:\/\/www.edogs.de\/magazin\/#\/schema\/logo\/image\/","url":"","contentUrl":"","caption":"edogs"},"image":{"@id":"https:\/\/www.edogs.de\/magazin\/#\/schema\/logo\/image\/"}}]}},"_links":{"self":[{"href":"https:\/\/www.edogs.de\/magazin\/wp-json\/wp\/v2\/pages\/65662","targetHints":{"allow":["GET"]}}],"collection":[{"href":"https:\/\/www.edogs.de\/magazin\/wp-json\/wp\/v2\/pages"}],"about":[{"href":"https:\/\/www.edogs.de\/magazin\/wp-json\/wp\/v2\/types\/page"}],"author":[{"embeddable":true,"href":"https:\/\/www.edogs.de\/magazin\/wp-json\/wp\/v2\/users\/68"}],"replies":[{"embeddable":true,"href":"https:\/\/www.edogs.de\/magazin\/wp-json\/wp\/v2\/comments?post=65662"}],"version-history":[{"count":31,"href":"https:\/\/www.edogs.de\/magazin\/wp-json\/wp\/v2\/pages\/65662\/revisions"}],"predecessor-version":[{"id":87178,"href":"https:\/\/www.edogs.de\/magazin\/wp-json\/wp\/v2\/pages\/65662\/revisions\/87178"}],"wp:attachment":[{"href":"https:\/\/www.edogs.de\/magazin\/wp-json\/wp\/v2\/media?parent=65662"}],"curies":[{"name":"wp","href":"https:\/\/api.w.org\/{rel}","templated":true}]}}