{"id":15593,"date":"2018-04-03T16:14:39","date_gmt":"2018-04-03T14:14:39","guid":{"rendered":"https:\/\/magazin.edogs.de\/?page_id=15593"},"modified":"2024-08-13T16:04:21","modified_gmt":"2024-08-13T14:04:21","slug":"teilnahmebedingungen-gewinnspiel-facebook","status":"publish","type":"page","link":"https:\/\/www.edogs.de\/magazin\/teilnahmebedingungen-gewinnspiel-facebook\/","title":{"rendered":"Teilnahmebedingungen Gewinnspiel Facebook"},"content":{"rendered":"<h1><span style=\"font-weight: 400;\">Teilnahmebedingungen<\/span><\/h1>\n<p><b>edogs Facebook-Gewinnspiel Teilnahmebedingungen<\/b><\/p>\n<p><b>Pr\u00e4ambel<\/b><\/p>\n<p><span style=\"font-weight: 400;\">edogs ist ein Unternehmen von ehorses. Die ehorses GmbH &amp; Co. KG, Rittergut Osthoff 5, 49124 Georgsmarienh\u00fctte, nachfolgend \u201eVeranstalter\u201c oder \u201eehorses\u201c genannt, veranstaltet auf Facebook ein Gewinnspiel. Die Teilnahme an diesem Wettbewerb und seine Durchf\u00fchrung richten sich nach den folgenden Bestimmungen. Durch die Teilnahme an dem Wettbewerb best\u00e4tigen die Teilnehmer, dass sie sich mit diesen Teilnahmebestimmungen einverstanden erkl\u00e4ren.<\/span><\/p>\n<p><span style=\"font-weight: 400;\">Dieses Gewinnspiel steht in keiner Verbindung zu Facebook\/ Instagram und wird in keiner Weise von Facebook\/Instagram gesponsert, unterst\u00fctzt oder organisiert. ehorses tr\u00e4gt die komplette Verantwortung f\u00fcr dieses Gewinnspiel. S\u00e4mtliche Fragen, Kommentare oder Beschwerden zum Gewinnspiel sind an support@edogs.de zu richten und nicht an Facebook\/ Instagram.<\/span><\/p>\n<p><b>Teilnahme<\/b><\/p>\n<p><span style=\"font-weight: 400;\">Teilnahmeberechtigt sind vollj\u00e4hrige Personen. Minderj\u00e4hrige Personen bed\u00fcrfen zu ihrer Teilnahme der schriftlichen Zustimmung ihrer\/ihres Erziehungsberechtigten. Es d\u00fcrfen nur Personen teilnehmen, die ihren st\u00e4ndigen Wohnsitz innerhalb der Bundesrepublik Deutschland haben. Eine Teilnahme im Namen von Dritten ist ausgeschlossen. Mitarbeiter des Veranstalters sowie ihre Angeh\u00f6rigen und s\u00e4mtliche am Wettbewerb beteiligten Personen, insbesondere die, die an der Konzeption und Umsetzung des Wettbewerbs beteiligt sind, sind von der Teilnahme ausgeschlossen.<\/span><\/p>\n<p><span style=\"font-weight: 400;\">Jeder kann \u00fcber den im Gewinnspiel geforderten Kommentar, Like oder die Beantwortung einer im Gewinnspiel-Posting genannten Aufforderung\/Frage teilnehmen. <\/span><\/p>\n<p><b>Einsendeschluss<\/b><\/p>\n<p><span style=\"font-weight: 400;\">Den Teilnahmeschlu\u00df entnehmen Sie bitte dem jeweiligen Gewinnspiel-Posting. Versp\u00e4tete Eingaben werden nicht ber\u00fccksichtigt.<\/span><\/p>\n<p><b>Wie werden die Gewinner ermittelt?<\/b><\/p>\n<p><span style=\"font-weight: 400;\">Aus allen Teilnehmern ziehen wir am Ende des Gewinnspiels die Gewinner.<\/span><\/p>\n<p><b>Gewinne\/Gewinnbenachrichtigung<\/b><\/p>\n<p><span style=\"font-weight: 400;\">Die ausgesch\u00fctteten Preise entnehmen Sie bitte dem jeweiligen Gewinnspiel-Posting.<\/span><\/p>\n<p>Die ausgew\u00e4hlten Tester werden per E-Mail benachrichtigt und darum gebeten, sich innerhalb einer in der E-Mail genannten Frist zu melden und die Teilnahme an dem Produkttest zu best\u00e4tigen. Meldet sich der ausgew\u00e4hlte Tester nicht innerhalb der genannten Frist, so verf\u00e4llt die Teilnahme am Produkttest und es wird ein neuer Tester ermittelt.<\/p>\n<p><b>Datenschutz<\/b><\/p>\n<p><span style=\"font-weight: 400;\">Durch seine Teilnahme erkl\u00e4rt sich der Teilnehmer ausdr\u00fccklich damit einverstanden, dass seine Daten f\u00fcr die Dauer des Gewinnspiels von ehorses gespeichert und zum Zwecke der Gewinnabwicklung an den Kooperationspartner \u00fcbermittelt werden, welcher die Personenangaben ebenfalls f\u00fcr die Dauer des Gewinnspiels speichern darf. Die Gewinnspielteilnahme ist gleicherma\u00dfen Einwilligung zur Aufnahme in den Newsletterverteiler der Gewinnspielemittentin und deren Kooperationspartner. Es steht dem Teilnehmer jederzeit frei unter support@edogs.de diese Einwilligung in die Speicherung zu widerrufen und somit von der Teilnahme zur\u00fcckzutreten.<\/span><\/p>\n<p><b>Haftung<\/b><\/p>\n<p><span style=\"font-weight: 400;\">Mit Aush\u00e4ndigung der Gewinne an die jeweiligen Gewinner ist der Veranstalter von jeglicher Verpflichtung befreit. Der Veranstalter haftet nicht f\u00fcr Rechts- und\/oder Sachm\u00e4ngel der Gewinne, die nicht vom Veranstalter selbst bereitgestellt werden. Alle Angaben seitens des Veranstalters, insbesondere im Zusammenhang mit der Ver\u00f6ffentlichung von Gewinnernamen, etc. erfolgen ohne Gew\u00e4hr.<\/span><\/p>\n<p><b>Ausschluss vom Gewinnspiel<\/b><\/p>\n<p><span style=\"font-weight: 400;\">Bei einem Versto\u00df gegen diese Teilnahmebedingungen beh\u00e4lt sich ehorses das Recht vor, Personen vom Gewinnspiel auszuschlie\u00dfen. Ausgeschlossen werden auch Personen, die sich unerlaubter Hilfsmittel bedienen oder sich anderweitig durch Manipulation Vorteile verschaffen. Gegebenenfalls k\u00f6nnen in diesen F\u00e4llen auch nachtr\u00e4glich Gewinne aberkannt und zur\u00fcckgefordert werden. Wer unwahre Personenangaben macht, kann vom Gewinnspiel ausgeschlossen werden.<\/span><\/p>\n<p><b>Vorzeitige Beendigung des Gewinnspiels<\/b><\/p>\n<p><span style=\"font-weight: 400;\">ehorses beh\u00e4lt sich vor, das Gewinnspiel zu jedem Zeitpunkt ohne Vorank\u00fcndigung und ohne Angabe von Gr\u00fcnden abzubrechen oder zu beenden. Von dieser M\u00f6glichkeit macht ehorses insbesondere dann Gebrauch, wenn aus technischen Gr\u00fcnden (z. B. Viren im Computersystem, Manipulation oder Fehler in der Hard- und\/ oder Software) oder aus rechtlichen Gr\u00fcnden eine ordnungsgem\u00e4\u00dfe Durchf\u00fchrung des Gewinnspiels nicht gew\u00e4hrleistet werden kann. Sofern eine derartige Beendigung durch das Verhalten eines Teilnehmers verursacht wird, kann ehorses von dieser Person den entstandenen Schaden ersetzt verlangen.<\/span><\/p>\n<p><b>Sonstiges<\/b><\/p>\n<p><span style=\"font-weight: 400;\">Der Rechtsweg ist ausgeschlossen. Es ist ausschlie\u00dflich das Recht der Bundesrepublik Deutschland anwendbar. Sollten einzelne dieser Bestimmungen ung\u00fcltig sein oder werden, bleibt die G\u00fcltigkeit der \u00fcbrigen Teilnahmebedingungen hiervon unber\u00fchrt. Diese Teilnahmebedingungen k\u00f6nnen jederzeit von ehorses ohne gesonderte Benachrichtigung ge\u00e4ndert werden.<\/span><\/p>\n<p><b>Beschwerden<\/b><\/p>\n<p><span style=\"font-weight: 400;\">Beschwerden werden nur bearbeitet, wenn sie schriftlich und unter Nennung des zur Diskussion stehenden Gewinnspiels bei der zust\u00e4ndigen Stelle support@edogs.de via Email oder schriftlich an ehorses GmbH &amp; Co. KG, Rittergut Osthoff 5, 49124 Georgsmarienh\u00fctte eingehen.<\/span><\/p>\n","protected":false},"excerpt":{"rendered":"<p>Teilnahmebedingungen edogs Facebook-Gewinnspiel Teilnahmebedingungen Pr\u00e4ambel edogs ist ein Unternehmen von ehorses. Die ehorses GmbH &amp;&hellip;<\/p>\n","protected":false},"author":7,"featured_media":0,"parent":0,"menu_order":0,"comment_status":"closed","ping_status":"closed","template":"","meta":{"_lmt_disableupdate":"","_lmt_disable":"","footnotes":""},"class_list":["post-15593","page","type-page","status-publish","hentry"],"yoast_head":"<!-- This site is optimized with the Yoast SEO plugin v27.6 - https:\/\/yoast.com\/product\/yoast-seo-wordpress\/ -->\n<title>Teilnahmebedingungen Gewinnspiel Facebook - edogs<\/title>\n<meta name=\"robots\" content=\"index, follow, max-snippet:-1, max-image-preview:large, max-video-preview:-1\" \/>\n<link rel=\"canonical\" href=\"https:\/\/www.edogs.de\/magazin\/teilnahmebedingungen-gewinnspiel-facebook\/\" \/>\n<meta property=\"og:locale\" content=\"de_DE\" \/>\n<meta property=\"og:type\" content=\"article\" \/>\n<meta property=\"og:title\" content=\"Teilnahmebedingungen Gewinnspiel Facebook - edogs\" \/>\n<meta property=\"og:description\" content=\"Teilnahmebedingungen edogs Facebook-Gewinnspiel Teilnahmebedingungen Pr\u00e4ambel edogs ist ein Unternehmen von ehorses. Die ehorses GmbH &amp;&hellip;\" \/>\n<meta property=\"og:url\" content=\"https:\/\/www.edogs.de\/magazin\/teilnahmebedingungen-gewinnspiel-facebook\/\" \/>\n<meta property=\"og:site_name\" content=\"edogs\" \/>\n<meta property=\"article:modified_time\" content=\"2024-08-13T14:04:21+00:00\" \/>\n<meta name=\"twitter:card\" content=\"summary_large_image\" \/>\n<meta name=\"twitter:label1\" content=\"Gesch\u00e4tzte Lesezeit\" \/>\n\t<meta name=\"twitter:data1\" content=\"4\u00a0Minuten\" \/>\n<script type=\"application\/ld+json\" class=\"yoast-schema-graph\">{\"@context\":\"https:\\\/\\\/schema.org\",\"@graph\":[{\"@type\":\"WebPage\",\"@id\":\"https:\\\/\\\/www.edogs.de\\\/magazin\\\/teilnahmebedingungen-gewinnspiel-facebook\\\/\",\"url\":\"https:\\\/\\\/www.edogs.de\\\/magazin\\\/teilnahmebedingungen-gewinnspiel-facebook\\\/\",\"name\":\"Teilnahmebedingungen Gewinnspiel Facebook - edogs\",\"isPartOf\":{\"@id\":\"https:\\\/\\\/www.edogs.de\\\/magazin\\\/#website\"},\"datePublished\":\"2018-04-03T14:14:39+00:00\",\"dateModified\":\"2024-08-13T14:04:21+00:00\",\"breadcrumb\":{\"@id\":\"https:\\\/\\\/www.edogs.de\\\/magazin\\\/teilnahmebedingungen-gewinnspiel-facebook\\\/#breadcrumb\"},\"inLanguage\":\"de\",\"potentialAction\":[{\"@type\":\"ReadAction\",\"target\":[\"https:\\\/\\\/www.edogs.de\\\/magazin\\\/teilnahmebedingungen-gewinnspiel-facebook\\\/\"]}]},{\"@type\":\"BreadcrumbList\",\"@id\":\"https:\\\/\\\/www.edogs.de\\\/magazin\\\/teilnahmebedingungen-gewinnspiel-facebook\\\/#breadcrumb\",\"itemListElement\":[{\"@type\":\"ListItem\",\"position\":1,\"name\":\"Startseite\",\"item\":\"https:\\\/\\\/www.edogs.de\\\/magazin\\\/\"},{\"@type\":\"ListItem\",\"position\":2,\"name\":\"Teilnahmebedingungen Gewinnspiel Facebook\"}]},{\"@type\":\"WebSite\",\"@id\":\"https:\\\/\\\/www.edogs.de\\\/magazin\\\/#website\",\"url\":\"https:\\\/\\\/www.edogs.de\\\/magazin\\\/\",\"name\":\"edogs\",\"description\":\"\",\"publisher\":{\"@id\":\"https:\\\/\\\/www.edogs.de\\\/magazin\\\/#organization\"},\"potentialAction\":[{\"@type\":\"SearchAction\",\"target\":{\"@type\":\"EntryPoint\",\"urlTemplate\":\"https:\\\/\\\/www.edogs.de\\\/magazin\\\/?s={search_term_string}\"},\"query-input\":{\"@type\":\"PropertyValueSpecification\",\"valueRequired\":true,\"valueName\":\"search_term_string\"}}],\"inLanguage\":\"de\"},{\"@type\":\"Organization\",\"@id\":\"https:\\\/\\\/www.edogs.de\\\/magazin\\\/#organization\",\"name\":\"edogs\",\"url\":\"https:\\\/\\\/www.edogs.de\\\/magazin\\\/\",\"logo\":{\"@type\":\"ImageObject\",\"inLanguage\":\"de\",\"@id\":\"https:\\\/\\\/www.edogs.de\\\/magazin\\\/#\\\/schema\\\/logo\\\/image\\\/\",\"url\":\"\",\"contentUrl\":\"\",\"caption\":\"edogs\"},\"image\":{\"@id\":\"https:\\\/\\\/www.edogs.de\\\/magazin\\\/#\\\/schema\\\/logo\\\/image\\\/\"}}]}<\/script>\n<!-- \/ Yoast SEO plugin. -->","yoast_head_json":{"title":"Teilnahmebedingungen Gewinnspiel Facebook - edogs","robots":{"index":"index","follow":"follow","max-snippet":"max-snippet:-1","max-image-preview":"max-image-preview:large","max-video-preview":"max-video-preview:-1"},"canonical":"https:\/\/www.edogs.de\/magazin\/teilnahmebedingungen-gewinnspiel-facebook\/","og_locale":"de_DE","og_type":"article","og_title":"Teilnahmebedingungen Gewinnspiel Facebook - edogs","og_description":"Teilnahmebedingungen edogs Facebook-Gewinnspiel Teilnahmebedingungen Pr\u00e4ambel edogs ist ein Unternehmen von ehorses. Die ehorses GmbH &amp;&hellip;","og_url":"https:\/\/www.edogs.de\/magazin\/teilnahmebedingungen-gewinnspiel-facebook\/","og_site_name":"edogs","article_modified_time":"2024-08-13T14:04:21+00:00","twitter_card":"summary_large_image","twitter_misc":{"Gesch\u00e4tzte Lesezeit":"4\u00a0Minuten"},"schema":{"@context":"https:\/\/schema.org","@graph":[{"@type":"WebPage","@id":"https:\/\/www.edogs.de\/magazin\/teilnahmebedingungen-gewinnspiel-facebook\/","url":"https:\/\/www.edogs.de\/magazin\/teilnahmebedingungen-gewinnspiel-facebook\/","name":"Teilnahmebedingungen Gewinnspiel Facebook - edogs","isPartOf":{"@id":"https:\/\/www.edogs.de\/magazin\/#website"},"datePublished":"2018-04-03T14:14:39+00:00","dateModified":"2024-08-13T14:04:21+00:00","breadcrumb":{"@id":"https:\/\/www.edogs.de\/magazin\/teilnahmebedingungen-gewinnspiel-facebook\/#breadcrumb"},"inLanguage":"de","potentialAction":[{"@type":"ReadAction","target":["https:\/\/www.edogs.de\/magazin\/teilnahmebedingungen-gewinnspiel-facebook\/"]}]},{"@type":"BreadcrumbList","@id":"https:\/\/www.edogs.de\/magazin\/teilnahmebedingungen-gewinnspiel-facebook\/#breadcrumb","itemListElement":[{"@type":"ListItem","position":1,"name":"Startseite","item":"https:\/\/www.edogs.de\/magazin\/"},{"@type":"ListItem","position":2,"name":"Teilnahmebedingungen Gewinnspiel Facebook"}]},{"@type":"WebSite","@id":"https:\/\/www.edogs.de\/magazin\/#website","url":"https:\/\/www.edogs.de\/magazin\/","name":"edogs","description":"","publisher":{"@id":"https:\/\/www.edogs.de\/magazin\/#organization"},"potentialAction":[{"@type":"SearchAction","target":{"@type":"EntryPoint","urlTemplate":"https:\/\/www.edogs.de\/magazin\/?s={search_term_string}"},"query-input":{"@type":"PropertyValueSpecification","valueRequired":true,"valueName":"search_term_string"}}],"inLanguage":"de"},{"@type":"Organization","@id":"https:\/\/www.edogs.de\/magazin\/#organization","name":"edogs","url":"https:\/\/www.edogs.de\/magazin\/","logo":{"@type":"ImageObject","inLanguage":"de","@id":"https:\/\/www.edogs.de\/magazin\/#\/schema\/logo\/image\/","url":"","contentUrl":"","caption":"edogs"},"image":{"@id":"https:\/\/www.edogs.de\/magazin\/#\/schema\/logo\/image\/"}}]}},"_links":{"self":[{"href":"https:\/\/www.edogs.de\/magazin\/wp-json\/wp\/v2\/pages\/15593","targetHints":{"allow":["GET"]}}],"collection":[{"href":"https:\/\/www.edogs.de\/magazin\/wp-json\/wp\/v2\/pages"}],"about":[{"href":"https:\/\/www.edogs.de\/magazin\/wp-json\/wp\/v2\/types\/page"}],"author":[{"embeddable":true,"href":"https:\/\/www.edogs.de\/magazin\/wp-json\/wp\/v2\/users\/7"}],"replies":[{"embeddable":true,"href":"https:\/\/www.edogs.de\/magazin\/wp-json\/wp\/v2\/comments?post=15593"}],"version-history":[{"count":0,"href":"https:\/\/www.edogs.de\/magazin\/wp-json\/wp\/v2\/pages\/15593\/revisions"}],"wp:attachment":[{"href":"https:\/\/www.edogs.de\/magazin\/wp-json\/wp\/v2\/media?parent=15593"}],"curies":[{"name":"wp","href":"https:\/\/api.w.org\/{rel}","templated":true}]}}